{"id":1587,"date":"2021-06-10T10:20:41","date_gmt":"2021-06-10T09:20:41","guid":{"rendered":"https:\/\/www.meyer.hr\/?post_type=product&#038;p=1587"},"modified":"2025-12-05T15:41:10","modified_gmt":"2025-12-05T14:41:10","slug":"complete-color-creme-n60-zlatno-smeda","status":"publish","type":"product","link":"https:\/\/www.meyer.hr\/en\/product\/complete-color-creme-n60-zlatno-smeda\/","title":{"rendered":"Complete Color Creme N60 ZLATNO SME\u0110A"},"content":{"rendered":"<p>With argan oil &amp; keratin<\/p>\n<p>SET CONTAINS<\/p>\n<ul>\n<li>Color Cr\u00e8me tube 50ml<\/li>\n<li>Color developing emulsion 2x25ml<\/li>\n<li>Color fixer 15ml<\/li>\n<li>Protective gloves<\/li>\n<\/ul>\n<p>Instructions for use<\/p>","protected":false},"excerpt":{"rendered":"<ul>\r\n \t<li>Rich, long-lasting &amp; Perfectly Even Color<\/li>\r\n \t<li>Intensive &amp; Nourishing<\/li>\r\n \t<li>100% Grey Coverage<\/li>\r\n \t<li>With argan oil &amp; keratin<\/li>\r\n<\/ul>","protected":false},"featured_media":3315,"comment_status":"closed","ping_status":"closed","template":"","meta":{"spay_email":""},"product_cat":[37,54,55],"product_tag":[107],"class_list":["post-1587","product","type-product","status-publish","has-post-thumbnail","hentry","product_cat-annyer","product_cat-boje-za-kosu","product_cat-trajne-boje-za-kosu","product_tag-boje-za-kosu"],"yoast_head":"<!-- This site is optimized with the Yoast SEO plugin v17.1 - https:\/\/yoast.com\/wordpress\/plugins\/seo\/ -->\n<meta name=\"robots\" content=\"index, follow, max-snippet:-1, max-image-preview:large, max-video-preview:-1\" \/>\n<link rel=\"canonical\" href=\"https:\/\/www.meyer.hr\/en\/product\/complete-color-creme-n60-zlatno-smeda\/\" \/>\n<meta property=\"og:locale\" content=\"en_GB\" \/>\n<meta property=\"og:type\" content=\"article\" \/>\n<meta property=\"og:title\" content=\"Complete Color Creme N60 ZLATNO SME\u0110A - Meyer\" \/>\n<meta property=\"og:description\" content=\"bogata, dugotrajna i savr\u0161eno ujedna\u010dena boja  intenzivna i njeguju\u0107a  100% pokrivanje sijede kose  sadr\u017ei BIO Arganovo ulje i Keratin\" \/>\n<meta property=\"og:url\" content=\"https:\/\/www.meyer.hr\/en\/product\/complete-color-creme-n60-zlatno-smeda\/\" \/>\n<meta property=\"og:site_name\" content=\"Meyer\" \/>\n<meta property=\"article:modified_time\" content=\"2025-12-05T14:41:10+00:00\" \/>\n<meta property=\"og:image\" content=\"https:\/\/www.meyer.hr\/wp-content\/uploads\/2021\/06\/Complete-Color-Creme-N60-Zlatno-smeda.jpg\" \/>\n\t<meta property=\"og:image:width\" content=\"1920\" \/>\n\t<meta property=\"og:image:height\" content=\"1920\" \/>\n<meta name=\"twitter:card\" content=\"summary_large_image\" \/>\n<meta name=\"twitter:label1\" content=\"Estimated reading time\" \/>\n\t<meta name=\"twitter:data1\" content=\"1 minute\" \/>\n<script type=\"application\/ld+json\" class=\"yoast-schema-graph\">{\"@context\":\"https:\/\/schema.org\",\"@graph\":[{\"@type\":\"Organization\",\"@id\":\"https:\/\/www.meyer.hr\/#organization\",\"name\":\"Zidac Laboratories\",\"url\":\"https:\/\/www.meyer.hr\/\",\"sameAs\":[],\"logo\":{\"@type\":\"ImageObject\",\"@id\":\"https:\/\/www.meyer.hr\/#logo\",\"inLanguage\":\"en-GB\",\"url\":\"https:\/\/www.meyer.hr\/wp-content\/uploads\/2020\/09\/Logo.svg\",\"contentUrl\":\"https:\/\/www.meyer.hr\/wp-content\/uploads\/2020\/09\/Logo.svg\",\"caption\":\"Zidac Laboratories\"},\"image\":{\"@id\":\"https:\/\/www.meyer.hr\/#logo\"}},{\"@type\":\"WebSite\",\"@id\":\"https:\/\/www.meyer.hr\/#website\",\"url\":\"https:\/\/www.meyer.hr\/\",\"name\":\"Meyer\",\"description\":\"\",\"publisher\":{\"@id\":\"https:\/\/www.meyer.hr\/#organization\"},\"potentialAction\":[{\"@type\":\"SearchAction\",\"target\":{\"@type\":\"EntryPoint\",\"urlTemplate\":\"https:\/\/www.meyer.hr\/?s={search_term_string}\"},\"query-input\":\"required name=search_term_string\"}],\"inLanguage\":\"en-GB\"},{\"@type\":\"ImageObject\",\"@id\":\"https:\/\/www.meyer.hr\/product\/complete-color-creme-n60-zlatno-smeda\/#primaryimage\",\"inLanguage\":\"en-GB\",\"url\":\"https:\/\/i0.wp.com\/www.meyer.hr\/wp-content\/uploads\/2021\/06\/Complete-Color-Creme-N60-Zlatno-smeda.jpg?fit=1920%2C1920&ssl=1\",\"contentUrl\":\"https:\/\/i0.wp.com\/www.meyer.hr\/wp-content\/uploads\/2021\/06\/Complete-Color-Creme-N60-Zlatno-smeda.jpg?fit=1920%2C1920&ssl=1\",\"width\":1920,\"height\":1920},{\"@type\":[\"WebPage\",\"ItemPage\"],\"@id\":\"https:\/\/www.meyer.hr\/product\/complete-color-creme-n60-zlatno-smeda\/#webpage\",\"url\":\"https:\/\/www.meyer.hr\/product\/complete-color-creme-n60-zlatno-smeda\/\",\"name\":\"Complete Color Creme N60 ZLATNO SME\\u0110A - Meyer\",\"isPartOf\":{\"@id\":\"https:\/\/www.meyer.hr\/#website\"},\"primaryImageOfPage\":{\"@id\":\"https:\/\/www.meyer.hr\/product\/complete-color-creme-n60-zlatno-smeda\/#primaryimage\"},\"datePublished\":\"2021-06-10T09:20:41+00:00\",\"dateModified\":\"2025-12-05T14:41:10+00:00\",\"breadcrumb\":{\"@id\":\"https:\/\/www.meyer.hr\/product\/complete-color-creme-n60-zlatno-smeda\/#breadcrumb\"},\"inLanguage\":\"en-GB\",\"potentialAction\":[{\"@type\":\"ReadAction\",\"target\":[\"https:\/\/www.meyer.hr\/product\/complete-color-creme-n60-zlatno-smeda\/\"]}]},{\"@type\":\"BreadcrumbList\",\"@id\":\"https:\/\/www.meyer.hr\/product\/complete-color-creme-n60-zlatno-smeda\/#breadcrumb\",\"itemListElement\":[{\"@type\":\"ListItem\",\"position\":1,\"name\":\"Home\",\"item\":\"https:\/\/www.meyer.hr\/\"},{\"@type\":\"ListItem\",\"position\":2,\"name\":\"Shop\",\"item\":\"https:\/\/www.meyer.hr\/\"},{\"@type\":\"ListItem\",\"position\":3,\"name\":\"Complete Color Creme N60 ZLATNO SME\\u0110A\"}]}]}<\/script>\n<!-- \/ Yoast SEO plugin. -->","yoast_head_json":{"robots":{"index":"index","follow":"follow","max-snippet":"max-snippet:-1","max-image-preview":"max-image-preview:large","max-video-preview":"max-video-preview:-1"},"canonical":"https:\/\/www.meyer.hr\/en\/product\/complete-color-creme-n60-zlatno-smeda\/","og_locale":"en_GB","og_type":"article","og_title":"Complete Color Creme N60 ZLATNO SME\u0110A - Meyer","og_description":"bogata, dugotrajna i savr\u0161eno ujedna\u010dena boja  intenzivna i njeguju\u0107a  100% pokrivanje sijede kose  sadr\u017ei BIO Arganovo ulje i Keratin","og_url":"https:\/\/www.meyer.hr\/en\/product\/complete-color-creme-n60-zlatno-smeda\/","og_site_name":"Meyer","article_modified_time":"2025-12-05T14:41:10+00:00","og_image":[{"width":1920,"height":1920,"filesize":222618,"url":"https:\/\/www.meyer.hr\/wp-content\/uploads\/2021\/06\/Complete-Color-Creme-N60-Zlatno-smeda.jpg","path":"\/nas\/content\/live\/meyershop\/wp-content\/uploads\/2021\/06\/Complete-Color-Creme-N60-Zlatno-smeda.jpg","size":"full","id":3315,"alt":"","pixels":3686400,"type":"image\/jpeg"}],"twitter_card":"summary_large_image","twitter_misc":{"Estimated reading time":"1 minute"},"schema":{"@context":"https:\/\/schema.org","@graph":[{"@type":"Organization","@id":"https:\/\/www.meyer.hr\/#organization","name":"Zidac Laboratories","url":"https:\/\/www.meyer.hr\/","sameAs":[],"logo":{"@type":"ImageObject","@id":"https:\/\/www.meyer.hr\/#logo","inLanguage":"en-GB","url":"https:\/\/www.meyer.hr\/wp-content\/uploads\/2020\/09\/Logo.svg","contentUrl":"https:\/\/www.meyer.hr\/wp-content\/uploads\/2020\/09\/Logo.svg","caption":"Zidac Laboratories"},"image":{"@id":"https:\/\/www.meyer.hr\/#logo"}},{"@type":"WebSite","@id":"https:\/\/www.meyer.hr\/#website","url":"https:\/\/www.meyer.hr\/","name":"Meyer","description":"","publisher":{"@id":"https:\/\/www.meyer.hr\/#organization"},"potentialAction":[{"@type":"SearchAction","target":{"@type":"EntryPoint","urlTemplate":"https:\/\/www.meyer.hr\/?s={search_term_string}"},"query-input":"required name=search_term_string"}],"inLanguage":"en-GB"},{"@type":"ImageObject","@id":"https:\/\/www.meyer.hr\/product\/complete-color-creme-n60-zlatno-smeda\/#primaryimage","inLanguage":"en-GB","url":"https:\/\/i0.wp.com\/www.meyer.hr\/wp-content\/uploads\/2021\/06\/Complete-Color-Creme-N60-Zlatno-smeda.jpg?fit=1920%2C1920&ssl=1","contentUrl":"https:\/\/i0.wp.com\/www.meyer.hr\/wp-content\/uploads\/2021\/06\/Complete-Color-Creme-N60-Zlatno-smeda.jpg?fit=1920%2C1920&ssl=1","width":1920,"height":1920},{"@type":["WebPage","ItemPage"],"@id":"https:\/\/www.meyer.hr\/product\/complete-color-creme-n60-zlatno-smeda\/#webpage","url":"https:\/\/www.meyer.hr\/product\/complete-color-creme-n60-zlatno-smeda\/","name":"Complete Color Creme N60 ZLATNO SME\u0110A - Meyer","isPartOf":{"@id":"https:\/\/www.meyer.hr\/#website"},"primaryImageOfPage":{"@id":"https:\/\/www.meyer.hr\/product\/complete-color-creme-n60-zlatno-smeda\/#primaryimage"},"datePublished":"2021-06-10T09:20:41+00:00","dateModified":"2025-12-05T14:41:10+00:00","breadcrumb":{"@id":"https:\/\/www.meyer.hr\/product\/complete-color-creme-n60-zlatno-smeda\/#breadcrumb"},"inLanguage":"en-GB","potentialAction":[{"@type":"ReadAction","target":["https:\/\/www.meyer.hr\/product\/complete-color-creme-n60-zlatno-smeda\/"]}]},{"@type":"BreadcrumbList","@id":"https:\/\/www.meyer.hr\/product\/complete-color-creme-n60-zlatno-smeda\/#breadcrumb","itemListElement":[{"@type":"ListItem","position":1,"name":"Home","item":"https:\/\/www.meyer.hr\/"},{"@type":"ListItem","position":2,"name":"Shop","item":"https:\/\/www.meyer.hr\/"},{"@type":"ListItem","position":3,"name":"Complete Color Creme N60 ZLATNO SME\u0110A"}]}]}},"_links":{"self":[{"href":"https:\/\/www.meyer.hr\/en\/wp-json\/wp\/v2\/product\/1587","targetHints":{"allow":["GET"]}}],"collection":[{"href":"https:\/\/www.meyer.hr\/en\/wp-json\/wp\/v2\/product"}],"about":[{"href":"https:\/\/www.meyer.hr\/en\/wp-json\/wp\/v2\/types\/product"}],"replies":[{"embeddable":true,"href":"https:\/\/www.meyer.hr\/en\/wp-json\/wp\/v2\/comments?post=1587"}],"wp:featuredmedia":[{"embeddable":true,"href":"https:\/\/www.meyer.hr\/en\/wp-json\/wp\/v2\/media\/3315"}],"wp:attachment":[{"href":"https:\/\/www.meyer.hr\/en\/wp-json\/wp\/v2\/media?parent=1587"}],"wp:term":[{"taxonomy":"product_cat","embeddable":true,"href":"https:\/\/www.meyer.hr\/en\/wp-json\/wp\/v2\/product_cat?post=1587"},{"taxonomy":"product_tag","embeddable":true,"href":"https:\/\/www.meyer.hr\/en\/wp-json\/wp\/v2\/product_tag?post=1587"}],"curies":[{"name":"wp","href":"https:\/\/api.w.org\/{rel}","templated":true}]}}