{"id":1667,"date":"2021-07-13T16:29:58","date_gmt":"2021-07-13T15:29:58","guid":{"rendered":"https:\/\/www.meyer.hr\/?post_type=product&#038;p=1667"},"modified":"2026-04-10T13:35:14","modified_gmt":"2026-04-10T12:35:14","slug":"mr-funk-brilliantine-cream-100ml","status":"publish","type":"product","link":"https:\/\/www.meyer.hr\/en\/product\/mr-funk-brilliantine-cream-100ml\/","title":{"rendered":"ANNYER | BRILJANTIN KREMA"},"content":{"rendered":"<p>Briljantin krema za razdvajanje i definiranje pramenova te dodavanje visokog sjaja oblikovanim frizurama. Poma\u017ee zagladiti str\u0161e\u0107u kosu i ispucale vrhove. Idealan za raspetljavanje kose.<\/p>\n<p>&nbsp;<\/p>","protected":false},"excerpt":{"rendered":"ANNYER Brilliantine Cream idealna je za razdvajanje i definiranje pramenova te dodavanje visokog sjaja oblikovanim frizurama.","protected":false},"featured_media":3801,"comment_status":"closed","ping_status":"closed","template":"","meta":{"spay_email":""},"product_cat":[38,81],"product_tag":[114],"class_list":["post-1667","product","type-product","status-publish","has-post-thumbnail","hentry","product_cat-missfunk-mrfunk","product_cat-styling","product_tag-oblikovanje-kose"],"yoast_head":"<!-- This site is optimized with the Yoast SEO plugin v17.1 - https:\/\/yoast.com\/wordpress\/plugins\/seo\/ -->\n<meta name=\"robots\" content=\"index, follow, max-snippet:-1, max-image-preview:large, max-video-preview:-1\" \/>\n<link rel=\"canonical\" href=\"https:\/\/www.meyer.hr\/en\/product\/mr-funk-brilliantine-cream-100ml\/\" \/>\n<meta property=\"og:locale\" content=\"en_GB\" \/>\n<meta property=\"og:type\" content=\"article\" \/>\n<meta property=\"og:title\" content=\"ANNYER | BRILJANTIN KREMA - Meyer\" \/>\n<meta property=\"og:description\" content=\"ANNYER Brilliantine Cream idealna je za razdvajanje i definiranje pramenova te dodavanje visokog sjaja oblikovanim frizurama.\" \/>\n<meta property=\"og:url\" content=\"https:\/\/www.meyer.hr\/en\/product\/mr-funk-brilliantine-cream-100ml\/\" \/>\n<meta property=\"og:site_name\" content=\"Meyer\" \/>\n<meta property=\"article:modified_time\" content=\"2026-04-10T12:35:14+00:00\" \/>\n<meta property=\"og:image\" content=\"https:\/\/www.meyer.hr\/wp-content\/uploads\/2021\/07\/Briliantin-Shop-S.jpg\" \/>\n\t<meta property=\"og:image:width\" content=\"800\" \/>\n\t<meta property=\"og:image:height\" content=\"800\" \/>\n<meta name=\"twitter:card\" content=\"summary_large_image\" \/>\n<meta name=\"twitter:label1\" content=\"Estimated reading time\" \/>\n\t<meta name=\"twitter:data1\" content=\"1 minute\" \/>\n<script type=\"application\/ld+json\" class=\"yoast-schema-graph\">{\"@context\":\"https:\/\/schema.org\",\"@graph\":[{\"@type\":\"Organization\",\"@id\":\"https:\/\/www.meyer.hr\/#organization\",\"name\":\"Zidac Laboratories\",\"url\":\"https:\/\/www.meyer.hr\/\",\"sameAs\":[],\"logo\":{\"@type\":\"ImageObject\",\"@id\":\"https:\/\/www.meyer.hr\/#logo\",\"inLanguage\":\"en-GB\",\"url\":\"https:\/\/www.meyer.hr\/wp-content\/uploads\/2020\/09\/Logo.svg\",\"contentUrl\":\"https:\/\/www.meyer.hr\/wp-content\/uploads\/2020\/09\/Logo.svg\",\"caption\":\"Zidac Laboratories\"},\"image\":{\"@id\":\"https:\/\/www.meyer.hr\/#logo\"}},{\"@type\":\"WebSite\",\"@id\":\"https:\/\/www.meyer.hr\/#website\",\"url\":\"https:\/\/www.meyer.hr\/\",\"name\":\"Meyer\",\"description\":\"\",\"publisher\":{\"@id\":\"https:\/\/www.meyer.hr\/#organization\"},\"potentialAction\":[{\"@type\":\"SearchAction\",\"target\":{\"@type\":\"EntryPoint\",\"urlTemplate\":\"https:\/\/www.meyer.hr\/?s={search_term_string}\"},\"query-input\":\"required name=search_term_string\"}],\"inLanguage\":\"en-GB\"},{\"@type\":\"ImageObject\",\"@id\":\"https:\/\/www.meyer.hr\/product\/mr-funk-brilliantine-cream-100ml\/#primaryimage\",\"inLanguage\":\"en-GB\",\"url\":\"https:\/\/i2.wp.com\/www.meyer.hr\/wp-content\/uploads\/2021\/07\/Briliantin-Shop-S.jpg?fit=800%2C800&ssl=1\",\"contentUrl\":\"https:\/\/i2.wp.com\/www.meyer.hr\/wp-content\/uploads\/2021\/07\/Briliantin-Shop-S.jpg?fit=800%2C800&ssl=1\",\"width\":800,\"height\":800},{\"@type\":[\"WebPage\",\"ItemPage\"],\"@id\":\"https:\/\/www.meyer.hr\/product\/mr-funk-brilliantine-cream-100ml\/#webpage\",\"url\":\"https:\/\/www.meyer.hr\/product\/mr-funk-brilliantine-cream-100ml\/\",\"name\":\"ANNYER | BRILJANTIN KREMA - Meyer\",\"isPartOf\":{\"@id\":\"https:\/\/www.meyer.hr\/#website\"},\"primaryImageOfPage\":{\"@id\":\"https:\/\/www.meyer.hr\/product\/mr-funk-brilliantine-cream-100ml\/#primaryimage\"},\"datePublished\":\"2021-07-13T15:29:58+00:00\",\"dateModified\":\"2026-04-10T12:35:14+00:00\",\"breadcrumb\":{\"@id\":\"https:\/\/www.meyer.hr\/product\/mr-funk-brilliantine-cream-100ml\/#breadcrumb\"},\"inLanguage\":\"en-GB\",\"potentialAction\":[{\"@type\":\"ReadAction\",\"target\":[\"https:\/\/www.meyer.hr\/product\/mr-funk-brilliantine-cream-100ml\/\"]}]},{\"@type\":\"BreadcrumbList\",\"@id\":\"https:\/\/www.meyer.hr\/product\/mr-funk-brilliantine-cream-100ml\/#breadcrumb\",\"itemListElement\":[{\"@type\":\"ListItem\",\"position\":1,\"name\":\"Home\",\"item\":\"https:\/\/www.meyer.hr\/\"},{\"@type\":\"ListItem\",\"position\":2,\"name\":\"Shop\",\"item\":\"https:\/\/www.meyer.hr\/\"},{\"@type\":\"ListItem\",\"position\":3,\"name\":\"ANNYER | BRILJANTIN KREMA\"}]}]}<\/script>\n<!-- \/ Yoast SEO plugin. -->","yoast_head_json":{"robots":{"index":"index","follow":"follow","max-snippet":"max-snippet:-1","max-image-preview":"max-image-preview:large","max-video-preview":"max-video-preview:-1"},"canonical":"https:\/\/www.meyer.hr\/en\/product\/mr-funk-brilliantine-cream-100ml\/","og_locale":"en_GB","og_type":"article","og_title":"ANNYER | BRILJANTIN KREMA - Meyer","og_description":"ANNYER Brilliantine Cream idealna je za razdvajanje i definiranje pramenova te dodavanje visokog sjaja oblikovanim frizurama.","og_url":"https:\/\/www.meyer.hr\/en\/product\/mr-funk-brilliantine-cream-100ml\/","og_site_name":"Meyer","article_modified_time":"2026-04-10T12:35:14+00:00","og_image":[{"width":800,"height":800,"filesize":130655,"url":"https:\/\/www.meyer.hr\/wp-content\/uploads\/2021\/07\/Briliantin-Shop-S.jpg","path":"\/nas\/content\/live\/meyershop\/wp-content\/uploads\/2021\/07\/Briliantin-Shop-S.jpg","size":"full","id":3801,"alt":"","pixels":640000,"type":"image\/jpeg"}],"twitter_card":"summary_large_image","twitter_misc":{"Estimated reading time":"1 minute"},"schema":{"@context":"https:\/\/schema.org","@graph":[{"@type":"Organization","@id":"https:\/\/www.meyer.hr\/#organization","name":"Zidac Laboratories","url":"https:\/\/www.meyer.hr\/","sameAs":[],"logo":{"@type":"ImageObject","@id":"https:\/\/www.meyer.hr\/#logo","inLanguage":"en-GB","url":"https:\/\/www.meyer.hr\/wp-content\/uploads\/2020\/09\/Logo.svg","contentUrl":"https:\/\/www.meyer.hr\/wp-content\/uploads\/2020\/09\/Logo.svg","caption":"Zidac Laboratories"},"image":{"@id":"https:\/\/www.meyer.hr\/#logo"}},{"@type":"WebSite","@id":"https:\/\/www.meyer.hr\/#website","url":"https:\/\/www.meyer.hr\/","name":"Meyer","description":"","publisher":{"@id":"https:\/\/www.meyer.hr\/#organization"},"potentialAction":[{"@type":"SearchAction","target":{"@type":"EntryPoint","urlTemplate":"https:\/\/www.meyer.hr\/?s={search_term_string}"},"query-input":"required name=search_term_string"}],"inLanguage":"en-GB"},{"@type":"ImageObject","@id":"https:\/\/www.meyer.hr\/product\/mr-funk-brilliantine-cream-100ml\/#primaryimage","inLanguage":"en-GB","url":"https:\/\/i2.wp.com\/www.meyer.hr\/wp-content\/uploads\/2021\/07\/Briliantin-Shop-S.jpg?fit=800%2C800&ssl=1","contentUrl":"https:\/\/i2.wp.com\/www.meyer.hr\/wp-content\/uploads\/2021\/07\/Briliantin-Shop-S.jpg?fit=800%2C800&ssl=1","width":800,"height":800},{"@type":["WebPage","ItemPage"],"@id":"https:\/\/www.meyer.hr\/product\/mr-funk-brilliantine-cream-100ml\/#webpage","url":"https:\/\/www.meyer.hr\/product\/mr-funk-brilliantine-cream-100ml\/","name":"ANNYER | BRILJANTIN KREMA - Meyer","isPartOf":{"@id":"https:\/\/www.meyer.hr\/#website"},"primaryImageOfPage":{"@id":"https:\/\/www.meyer.hr\/product\/mr-funk-brilliantine-cream-100ml\/#primaryimage"},"datePublished":"2021-07-13T15:29:58+00:00","dateModified":"2026-04-10T12:35:14+00:00","breadcrumb":{"@id":"https:\/\/www.meyer.hr\/product\/mr-funk-brilliantine-cream-100ml\/#breadcrumb"},"inLanguage":"en-GB","potentialAction":[{"@type":"ReadAction","target":["https:\/\/www.meyer.hr\/product\/mr-funk-brilliantine-cream-100ml\/"]}]},{"@type":"BreadcrumbList","@id":"https:\/\/www.meyer.hr\/product\/mr-funk-brilliantine-cream-100ml\/#breadcrumb","itemListElement":[{"@type":"ListItem","position":1,"name":"Home","item":"https:\/\/www.meyer.hr\/"},{"@type":"ListItem","position":2,"name":"Shop","item":"https:\/\/www.meyer.hr\/"},{"@type":"ListItem","position":3,"name":"ANNYER | BRILJANTIN KREMA"}]}]}},"_links":{"self":[{"href":"https:\/\/www.meyer.hr\/en\/wp-json\/wp\/v2\/product\/1667","targetHints":{"allow":["GET"]}}],"collection":[{"href":"https:\/\/www.meyer.hr\/en\/wp-json\/wp\/v2\/product"}],"about":[{"href":"https:\/\/www.meyer.hr\/en\/wp-json\/wp\/v2\/types\/product"}],"replies":[{"embeddable":true,"href":"https:\/\/www.meyer.hr\/en\/wp-json\/wp\/v2\/comments?post=1667"}],"wp:featuredmedia":[{"embeddable":true,"href":"https:\/\/www.meyer.hr\/en\/wp-json\/wp\/v2\/media\/3801"}],"wp:attachment":[{"href":"https:\/\/www.meyer.hr\/en\/wp-json\/wp\/v2\/media?parent=1667"}],"wp:term":[{"taxonomy":"product_cat","embeddable":true,"href":"https:\/\/www.meyer.hr\/en\/wp-json\/wp\/v2\/product_cat?post=1667"},{"taxonomy":"product_tag","embeddable":true,"href":"https:\/\/www.meyer.hr\/en\/wp-json\/wp\/v2\/product_tag?post=1667"}],"curies":[{"name":"wp","href":"https:\/\/api.w.org\/{rel}","templated":true}]}}