{"id":1702,"date":"2021-08-17T00:15:28","date_gmt":"2021-08-16T23:15:28","guid":{"rendered":"https:\/\/www.meyer.hr\/?post_type=product&#038;p=1702"},"modified":"2025-05-28T09:52:02","modified_gmt":"2025-05-28T08:52:02","slug":"annyer-revital-sampon-breza-300ml","status":"publish","type":"product","link":"https:\/\/www.meyer.hr\/en\/product\/annyer-revital-sampon-breza-300ml\/","title":{"rendered":"ANNYER | REVITAL \u0160ampon Breza 300ml"},"content":{"rendered":"<p>Za masnu kosu s vitaminom E, provitaminom B5, keratinom i ekstraktom breze. Redovitom uporabom regulira se masno\u0107a vlasi\u0161ta, obnavlja struktura vlasi i ja\u010da korijen kose. Provitamin B5 daje kosi pove\u0107ani volumen.<\/p>","protected":false},"excerpt":{"rendered":"ANNYER REVITAL \u0160ampon Breza za masnu kosu s vitaminom E, provitaminom B5, keratinom i ekstraktom breze.","protected":false},"featured_media":3273,"comment_status":"closed","ping_status":"closed","template":"","meta":{"spay_email":""},"product_cat":[37,61,62],"product_tag":[111],"class_list":["post-1702","product","type-product","status-publish","has-post-thumbnail","hentry","product_cat-annyer","product_cat-njega-kose-annyer","product_cat-samponi-za-kosu","product_tag-njega-kose"],"yoast_head":"<!-- This site is optimized with the Yoast SEO plugin v17.1 - https:\/\/yoast.com\/wordpress\/plugins\/seo\/ -->\n<meta name=\"robots\" content=\"index, follow, max-snippet:-1, max-image-preview:large, max-video-preview:-1\" \/>\n<link rel=\"canonical\" href=\"https:\/\/www.meyer.hr\/en\/product\/annyer-revital-sampon-breza-300ml\/\" \/>\n<meta property=\"og:locale\" content=\"en_GB\" \/>\n<meta property=\"og:type\" content=\"article\" \/>\n<meta property=\"og:title\" content=\"ANNYER | REVITAL \u0160ampon Breza 300ml - Meyer\" \/>\n<meta property=\"og:description\" content=\"ANNYER REVITAL \u0160ampon Breza za masnu kosu s vitaminom E, provitaminom B5, keratinom i ekstraktom breze.\" \/>\n<meta property=\"og:url\" content=\"https:\/\/www.meyer.hr\/en\/product\/annyer-revital-sampon-breza-300ml\/\" \/>\n<meta property=\"og:site_name\" content=\"Meyer\" \/>\n<meta property=\"article:modified_time\" content=\"2025-05-28T08:52:02+00:00\" \/>\n<meta property=\"og:image\" content=\"https:\/\/www.meyer.hr\/wp-content\/uploads\/2021\/08\/Breza-S.jpg\" \/>\n\t<meta property=\"og:image:width\" content=\"600\" \/>\n\t<meta property=\"og:image:height\" content=\"600\" \/>\n<meta name=\"twitter:card\" content=\"summary_large_image\" \/>\n<meta name=\"twitter:label1\" content=\"Estimated reading time\" \/>\n\t<meta name=\"twitter:data1\" content=\"1 minute\" \/>\n<script type=\"application\/ld+json\" class=\"yoast-schema-graph\">{\"@context\":\"https:\/\/schema.org\",\"@graph\":[{\"@type\":\"Organization\",\"@id\":\"https:\/\/www.meyer.hr\/#organization\",\"name\":\"Zidac Laboratories\",\"url\":\"https:\/\/www.meyer.hr\/\",\"sameAs\":[],\"logo\":{\"@type\":\"ImageObject\",\"@id\":\"https:\/\/www.meyer.hr\/#logo\",\"inLanguage\":\"en-GB\",\"url\":\"https:\/\/www.meyer.hr\/wp-content\/uploads\/2020\/09\/Logo.svg\",\"contentUrl\":\"https:\/\/www.meyer.hr\/wp-content\/uploads\/2020\/09\/Logo.svg\",\"caption\":\"Zidac Laboratories\"},\"image\":{\"@id\":\"https:\/\/www.meyer.hr\/#logo\"}},{\"@type\":\"WebSite\",\"@id\":\"https:\/\/www.meyer.hr\/#website\",\"url\":\"https:\/\/www.meyer.hr\/\",\"name\":\"Meyer\",\"description\":\"\",\"publisher\":{\"@id\":\"https:\/\/www.meyer.hr\/#organization\"},\"potentialAction\":[{\"@type\":\"SearchAction\",\"target\":{\"@type\":\"EntryPoint\",\"urlTemplate\":\"https:\/\/www.meyer.hr\/?s={search_term_string}\"},\"query-input\":\"required name=search_term_string\"}],\"inLanguage\":\"en-GB\"},{\"@type\":\"ImageObject\",\"@id\":\"https:\/\/www.meyer.hr\/product\/annyer-revital-sampon-breza-300ml\/#primaryimage\",\"inLanguage\":\"en-GB\",\"url\":\"https:\/\/i2.wp.com\/www.meyer.hr\/wp-content\/uploads\/2021\/08\/Breza-S.jpg?fit=600%2C600&ssl=1\",\"contentUrl\":\"https:\/\/i2.wp.com\/www.meyer.hr\/wp-content\/uploads\/2021\/08\/Breza-S.jpg?fit=600%2C600&ssl=1\",\"width\":600,\"height\":600},{\"@type\":[\"WebPage\",\"ItemPage\"],\"@id\":\"https:\/\/www.meyer.hr\/product\/annyer-revital-sampon-breza-300ml\/#webpage\",\"url\":\"https:\/\/www.meyer.hr\/product\/annyer-revital-sampon-breza-300ml\/\",\"name\":\"ANNYER | REVITAL \\u0160ampon Breza 300ml - Meyer\",\"isPartOf\":{\"@id\":\"https:\/\/www.meyer.hr\/#website\"},\"primaryImageOfPage\":{\"@id\":\"https:\/\/www.meyer.hr\/product\/annyer-revital-sampon-breza-300ml\/#primaryimage\"},\"datePublished\":\"2021-08-16T23:15:28+00:00\",\"dateModified\":\"2025-05-28T08:52:02+00:00\",\"breadcrumb\":{\"@id\":\"https:\/\/www.meyer.hr\/product\/annyer-revital-sampon-breza-300ml\/#breadcrumb\"},\"inLanguage\":\"en-GB\",\"potentialAction\":[{\"@type\":\"ReadAction\",\"target\":[\"https:\/\/www.meyer.hr\/product\/annyer-revital-sampon-breza-300ml\/\"]}]},{\"@type\":\"BreadcrumbList\",\"@id\":\"https:\/\/www.meyer.hr\/product\/annyer-revital-sampon-breza-300ml\/#breadcrumb\",\"itemListElement\":[{\"@type\":\"ListItem\",\"position\":1,\"name\":\"Home\",\"item\":\"https:\/\/www.meyer.hr\/\"},{\"@type\":\"ListItem\",\"position\":2,\"name\":\"Shop\",\"item\":\"https:\/\/www.meyer.hr\/\"},{\"@type\":\"ListItem\",\"position\":3,\"name\":\"ANNYER | REVITAL \\u0160ampon Breza 300ml\"}]}]}<\/script>\n<!-- \/ Yoast SEO plugin. -->","yoast_head_json":{"robots":{"index":"index","follow":"follow","max-snippet":"max-snippet:-1","max-image-preview":"max-image-preview:large","max-video-preview":"max-video-preview:-1"},"canonical":"https:\/\/www.meyer.hr\/en\/product\/annyer-revital-sampon-breza-300ml\/","og_locale":"en_GB","og_type":"article","og_title":"ANNYER | REVITAL \u0160ampon Breza 300ml - Meyer","og_description":"ANNYER REVITAL \u0160ampon Breza za masnu kosu s vitaminom E, provitaminom B5, keratinom i ekstraktom breze.","og_url":"https:\/\/www.meyer.hr\/en\/product\/annyer-revital-sampon-breza-300ml\/","og_site_name":"Meyer","article_modified_time":"2025-05-28T08:52:02+00:00","og_image":[{"width":600,"height":600,"filesize":60994,"url":"https:\/\/www.meyer.hr\/wp-content\/uploads\/2021\/08\/Breza-S.jpg","path":"\/nas\/content\/live\/meyershop\/wp-content\/uploads\/2021\/08\/Breza-S.jpg","size":"full","id":3273,"alt":"","pixels":360000,"type":"image\/jpeg"}],"twitter_card":"summary_large_image","twitter_misc":{"Estimated reading time":"1 minute"},"schema":{"@context":"https:\/\/schema.org","@graph":[{"@type":"Organization","@id":"https:\/\/www.meyer.hr\/#organization","name":"Zidac Laboratories","url":"https:\/\/www.meyer.hr\/","sameAs":[],"logo":{"@type":"ImageObject","@id":"https:\/\/www.meyer.hr\/#logo","inLanguage":"en-GB","url":"https:\/\/www.meyer.hr\/wp-content\/uploads\/2020\/09\/Logo.svg","contentUrl":"https:\/\/www.meyer.hr\/wp-content\/uploads\/2020\/09\/Logo.svg","caption":"Zidac Laboratories"},"image":{"@id":"https:\/\/www.meyer.hr\/#logo"}},{"@type":"WebSite","@id":"https:\/\/www.meyer.hr\/#website","url":"https:\/\/www.meyer.hr\/","name":"Meyer","description":"","publisher":{"@id":"https:\/\/www.meyer.hr\/#organization"},"potentialAction":[{"@type":"SearchAction","target":{"@type":"EntryPoint","urlTemplate":"https:\/\/www.meyer.hr\/?s={search_term_string}"},"query-input":"required name=search_term_string"}],"inLanguage":"en-GB"},{"@type":"ImageObject","@id":"https:\/\/www.meyer.hr\/product\/annyer-revital-sampon-breza-300ml\/#primaryimage","inLanguage":"en-GB","url":"https:\/\/i2.wp.com\/www.meyer.hr\/wp-content\/uploads\/2021\/08\/Breza-S.jpg?fit=600%2C600&ssl=1","contentUrl":"https:\/\/i2.wp.com\/www.meyer.hr\/wp-content\/uploads\/2021\/08\/Breza-S.jpg?fit=600%2C600&ssl=1","width":600,"height":600},{"@type":["WebPage","ItemPage"],"@id":"https:\/\/www.meyer.hr\/product\/annyer-revital-sampon-breza-300ml\/#webpage","url":"https:\/\/www.meyer.hr\/product\/annyer-revital-sampon-breza-300ml\/","name":"ANNYER | REVITAL \u0160ampon Breza 300ml - Meyer","isPartOf":{"@id":"https:\/\/www.meyer.hr\/#website"},"primaryImageOfPage":{"@id":"https:\/\/www.meyer.hr\/product\/annyer-revital-sampon-breza-300ml\/#primaryimage"},"datePublished":"2021-08-16T23:15:28+00:00","dateModified":"2025-05-28T08:52:02+00:00","breadcrumb":{"@id":"https:\/\/www.meyer.hr\/product\/annyer-revital-sampon-breza-300ml\/#breadcrumb"},"inLanguage":"en-GB","potentialAction":[{"@type":"ReadAction","target":["https:\/\/www.meyer.hr\/product\/annyer-revital-sampon-breza-300ml\/"]}]},{"@type":"BreadcrumbList","@id":"https:\/\/www.meyer.hr\/product\/annyer-revital-sampon-breza-300ml\/#breadcrumb","itemListElement":[{"@type":"ListItem","position":1,"name":"Home","item":"https:\/\/www.meyer.hr\/"},{"@type":"ListItem","position":2,"name":"Shop","item":"https:\/\/www.meyer.hr\/"},{"@type":"ListItem","position":3,"name":"ANNYER | REVITAL \u0160ampon Breza 300ml"}]}]}},"_links":{"self":[{"href":"https:\/\/www.meyer.hr\/en\/wp-json\/wp\/v2\/product\/1702","targetHints":{"allow":["GET"]}}],"collection":[{"href":"https:\/\/www.meyer.hr\/en\/wp-json\/wp\/v2\/product"}],"about":[{"href":"https:\/\/www.meyer.hr\/en\/wp-json\/wp\/v2\/types\/product"}],"replies":[{"embeddable":true,"href":"https:\/\/www.meyer.hr\/en\/wp-json\/wp\/v2\/comments?post=1702"}],"wp:featuredmedia":[{"embeddable":true,"href":"https:\/\/www.meyer.hr\/en\/wp-json\/wp\/v2\/media\/3273"}],"wp:attachment":[{"href":"https:\/\/www.meyer.hr\/en\/wp-json\/wp\/v2\/media?parent=1702"}],"wp:term":[{"taxonomy":"product_cat","embeddable":true,"href":"https:\/\/www.meyer.hr\/en\/wp-json\/wp\/v2\/product_cat?post=1702"},{"taxonomy":"product_tag","embeddable":true,"href":"https:\/\/www.meyer.hr\/en\/wp-json\/wp\/v2\/product_tag?post=1702"}],"curies":[{"name":"wp","href":"https:\/\/api.w.org\/{rel}","templated":true}]}}