{"id":2000,"date":"2021-09-13T14:33:19","date_gmt":"2021-09-13T13:33:19","guid":{"rendered":"https:\/\/www.meyer.hr\/?post_type=product&#038;p=2000"},"modified":"2025-05-28T14:13:31","modified_gmt":"2025-05-28T13:13:31","slug":"drmexpertcare-gel-za-dezinfekciju-ruku-7mlx40","status":"publish","type":"product","link":"https:\/\/www.meyer.hr\/en\/product\/drmexpertcare-gel-za-dezinfekciju-ruku-7mlx40\/","title":{"rendered":"DRM EXPERT CARE | GEL ZA DEZINFEKCIJU RUKU 7mlx40"},"content":{"rendered":"<p>GEL ZA DEZINFEKCIJU RUKU \u2013 PT1 Biocidni pripravak za osobnu higijenu ljudi<\/p>\n<p><strong>\u00a0<\/strong><\/p>\n<p>Prikladan za upotrebu u zdravstvenim i javnim ustanovama<\/p>\n<p>&nbsp;<\/p>\n<p>UBIJA 99.9%<\/p>\n<ul>\n<li>VIRUSA (uklju\u010duju\u0107i koronaviruse)<\/li>\n<li>BAKTERIJA<\/li>\n<li>GLJIVICA I KVASACA<\/li>\n<\/ul>\n<p>&nbsp;<\/p>\n<p>S Aloe Verom<\/p>\n<p>Dermatolo\u0161ki testirano<\/p>\n<p><strong>\u00a0<\/strong><\/p>\n<p>Djelotvoran na sve viruse s ovojnicom (<em>Coronavirus (e.g. SARS, MERS), Poxviridae, Herpesviridae, Filoviridae (e.g. Ebola, Marburg), Flavivirus, Hepatitis B virus, Hepatitis C virus, Hepatitis Delta virus, Influenza virus, Paramyxoviridae, Rubella virus, Measles virus, Rabies virus, Human Immunodeficiency virus (HIV) and Human T Cell Leukemia virus (HTLV)<\/em>), <em>Escherichia<\/em> <em>coli<\/em><em>, <\/em><em>Staphylococcus<\/em> <em>aureus<\/em><em>, <\/em><em>Enterococcus<\/em> <em>hirae<\/em><em>, <\/em><em>Pseudomonas<\/em> <em>aeruginosa<\/em> i <em>Candida<\/em> <em>albicans<\/em>.<\/p>\n<p>&nbsp;<\/p>\n<p>KLASA: UP\/I-543-04\/20-05\/556<\/p>\n<p>URBROJ:534-07-1\/2-20-2<\/p>\n<p>&nbsp;<\/p>","protected":false},"excerpt":{"rendered":"Dr.Meyer Gel za dezinfekciju ruku ubija 99,9% virusa (uklju\u010duju\u0107i koronaviruse), bakterija, gljivica i kvasaca. Idealno pakiranje za d\u017eep i torbicu kako bi vam za\u0161tita uvijek bila pri ruci.","protected":false},"featured_media":2001,"comment_status":"closed","ping_status":"closed","template":"","meta":{"spay_email":""},"product_cat":[35,41,44],"product_tag":[113],"class_list":["post-2000","product","type-product","status-publish","has-post-thumbnail","hentry","product_cat-drm-expertcare-dezinfekcija","product_cat-dezinfekcija-ruku","product_cat-dezinfekcijski-gel-za-ruke","product_tag-dezinfekcija"],"yoast_head":"<!-- This site is optimized with the Yoast SEO plugin v17.1 - https:\/\/yoast.com\/wordpress\/plugins\/seo\/ -->\n<meta name=\"robots\" content=\"index, follow, max-snippet:-1, max-image-preview:large, max-video-preview:-1\" \/>\n<link rel=\"canonical\" href=\"https:\/\/www.meyer.hr\/en\/product\/drmexpertcare-gel-za-dezinfekciju-ruku-7mlx40\/\" \/>\n<meta property=\"og:locale\" content=\"en_GB\" \/>\n<meta property=\"og:type\" content=\"article\" \/>\n<meta property=\"og:title\" content=\"DRM EXPERT CARE | GEL ZA DEZINFEKCIJU RUKU 7mlx40 - Meyer\" \/>\n<meta property=\"og:description\" content=\"Dr.Meyer Gel za dezinfekciju ruku ubija 99,9% virusa (uklju\u010duju\u0107i koronaviruse), bakterija, gljivica i kvasaca. Idealno pakiranje za d\u017eep i torbicu kako bi vam za\u0161tita uvijek bila pri ruci.\" \/>\n<meta property=\"og:url\" content=\"https:\/\/www.meyer.hr\/en\/product\/drmexpertcare-gel-za-dezinfekciju-ruku-7mlx40\/\" \/>\n<meta property=\"og:site_name\" content=\"Meyer\" \/>\n<meta property=\"article:modified_time\" content=\"2025-05-28T13:13:31+00:00\" \/>\n<meta property=\"og:image\" content=\"https:\/\/www.meyer.hr\/wp-content\/uploads\/2021\/09\/ABHG-7ml-x40.jpg\" \/>\n\t<meta property=\"og:image:width\" content=\"1000\" \/>\n\t<meta property=\"og:image:height\" content=\"1000\" \/>\n<meta name=\"twitter:card\" content=\"summary_large_image\" \/>\n<meta name=\"twitter:label1\" content=\"Estimated reading time\" \/>\n\t<meta name=\"twitter:data1\" content=\"1 minute\" \/>\n<script type=\"application\/ld+json\" class=\"yoast-schema-graph\">{\"@context\":\"https:\/\/schema.org\",\"@graph\":[{\"@type\":\"Organization\",\"@id\":\"https:\/\/www.meyer.hr\/#organization\",\"name\":\"Zidac Laboratories\",\"url\":\"https:\/\/www.meyer.hr\/\",\"sameAs\":[],\"logo\":{\"@type\":\"ImageObject\",\"@id\":\"https:\/\/www.meyer.hr\/#logo\",\"inLanguage\":\"en-GB\",\"url\":\"https:\/\/www.meyer.hr\/wp-content\/uploads\/2020\/09\/Logo.svg\",\"contentUrl\":\"https:\/\/www.meyer.hr\/wp-content\/uploads\/2020\/09\/Logo.svg\",\"caption\":\"Zidac Laboratories\"},\"image\":{\"@id\":\"https:\/\/www.meyer.hr\/#logo\"}},{\"@type\":\"WebSite\",\"@id\":\"https:\/\/www.meyer.hr\/#website\",\"url\":\"https:\/\/www.meyer.hr\/\",\"name\":\"Meyer\",\"description\":\"\",\"publisher\":{\"@id\":\"https:\/\/www.meyer.hr\/#organization\"},\"potentialAction\":[{\"@type\":\"SearchAction\",\"target\":{\"@type\":\"EntryPoint\",\"urlTemplate\":\"https:\/\/www.meyer.hr\/?s={search_term_string}\"},\"query-input\":\"required name=search_term_string\"}],\"inLanguage\":\"en-GB\"},{\"@type\":\"ImageObject\",\"@id\":\"https:\/\/www.meyer.hr\/product\/drmexpertcare-gel-za-dezinfekciju-ruku-7mlx40\/#primaryimage\",\"inLanguage\":\"en-GB\",\"url\":\"https:\/\/i0.wp.com\/www.meyer.hr\/wp-content\/uploads\/2021\/09\/ABHG-7ml-x40.jpg?fit=1000%2C1000&ssl=1\",\"contentUrl\":\"https:\/\/i0.wp.com\/www.meyer.hr\/wp-content\/uploads\/2021\/09\/ABHG-7ml-x40.jpg?fit=1000%2C1000&ssl=1\",\"width\":1000,\"height\":1000},{\"@type\":[\"WebPage\",\"ItemPage\"],\"@id\":\"https:\/\/www.meyer.hr\/product\/drmexpertcare-gel-za-dezinfekciju-ruku-7mlx40\/#webpage\",\"url\":\"https:\/\/www.meyer.hr\/product\/drmexpertcare-gel-za-dezinfekciju-ruku-7mlx40\/\",\"name\":\"DRM EXPERT CARE | GEL ZA DEZINFEKCIJU RUKU 7mlx40 - Meyer\",\"isPartOf\":{\"@id\":\"https:\/\/www.meyer.hr\/#website\"},\"primaryImageOfPage\":{\"@id\":\"https:\/\/www.meyer.hr\/product\/drmexpertcare-gel-za-dezinfekciju-ruku-7mlx40\/#primaryimage\"},\"datePublished\":\"2021-09-13T13:33:19+00:00\",\"dateModified\":\"2025-05-28T13:13:31+00:00\",\"breadcrumb\":{\"@id\":\"https:\/\/www.meyer.hr\/product\/drmexpertcare-gel-za-dezinfekciju-ruku-7mlx40\/#breadcrumb\"},\"inLanguage\":\"en-GB\",\"potentialAction\":[{\"@type\":\"ReadAction\",\"target\":[\"https:\/\/www.meyer.hr\/product\/drmexpertcare-gel-za-dezinfekciju-ruku-7mlx40\/\"]}]},{\"@type\":\"BreadcrumbList\",\"@id\":\"https:\/\/www.meyer.hr\/product\/drmexpertcare-gel-za-dezinfekciju-ruku-7mlx40\/#breadcrumb\",\"itemListElement\":[{\"@type\":\"ListItem\",\"position\":1,\"name\":\"Home\",\"item\":\"https:\/\/www.meyer.hr\/\"},{\"@type\":\"ListItem\",\"position\":2,\"name\":\"Shop\",\"item\":\"https:\/\/www.meyer.hr\/\"},{\"@type\":\"ListItem\",\"position\":3,\"name\":\"DRM EXPERT CARE | GEL ZA DEZINFEKCIJU RUKU 7mlx40\"}]}]}<\/script>\n<!-- \/ Yoast SEO plugin. -->","yoast_head_json":{"robots":{"index":"index","follow":"follow","max-snippet":"max-snippet:-1","max-image-preview":"max-image-preview:large","max-video-preview":"max-video-preview:-1"},"canonical":"https:\/\/www.meyer.hr\/en\/product\/drmexpertcare-gel-za-dezinfekciju-ruku-7mlx40\/","og_locale":"en_GB","og_type":"article","og_title":"DRM EXPERT CARE | GEL ZA DEZINFEKCIJU RUKU 7mlx40 - Meyer","og_description":"Dr.Meyer Gel za dezinfekciju ruku ubija 99,9% virusa (uklju\u010duju\u0107i koronaviruse), bakterija, gljivica i kvasaca. Idealno pakiranje za d\u017eep i torbicu kako bi vam za\u0161tita uvijek bila pri ruci.","og_url":"https:\/\/www.meyer.hr\/en\/product\/drmexpertcare-gel-za-dezinfekciju-ruku-7mlx40\/","og_site_name":"Meyer","article_modified_time":"2025-05-28T13:13:31+00:00","og_image":[{"width":1000,"height":1000,"url":"https:\/\/www.meyer.hr\/wp-content\/uploads\/2021\/09\/ABHG-7ml-x40.jpg","path":"\/nas\/content\/live\/meyershop\/wp-content\/uploads\/2021\/09\/ABHG-7ml-x40.jpg","size":"full","id":2001,"alt":"","pixels":1000000,"type":"image\/jpeg"}],"twitter_card":"summary_large_image","twitter_misc":{"Estimated reading time":"1 minute"},"schema":{"@context":"https:\/\/schema.org","@graph":[{"@type":"Organization","@id":"https:\/\/www.meyer.hr\/#organization","name":"Zidac Laboratories","url":"https:\/\/www.meyer.hr\/","sameAs":[],"logo":{"@type":"ImageObject","@id":"https:\/\/www.meyer.hr\/#logo","inLanguage":"en-GB","url":"https:\/\/www.meyer.hr\/wp-content\/uploads\/2020\/09\/Logo.svg","contentUrl":"https:\/\/www.meyer.hr\/wp-content\/uploads\/2020\/09\/Logo.svg","caption":"Zidac Laboratories"},"image":{"@id":"https:\/\/www.meyer.hr\/#logo"}},{"@type":"WebSite","@id":"https:\/\/www.meyer.hr\/#website","url":"https:\/\/www.meyer.hr\/","name":"Meyer","description":"","publisher":{"@id":"https:\/\/www.meyer.hr\/#organization"},"potentialAction":[{"@type":"SearchAction","target":{"@type":"EntryPoint","urlTemplate":"https:\/\/www.meyer.hr\/?s={search_term_string}"},"query-input":"required name=search_term_string"}],"inLanguage":"en-GB"},{"@type":"ImageObject","@id":"https:\/\/www.meyer.hr\/product\/drmexpertcare-gel-za-dezinfekciju-ruku-7mlx40\/#primaryimage","inLanguage":"en-GB","url":"https:\/\/i0.wp.com\/www.meyer.hr\/wp-content\/uploads\/2021\/09\/ABHG-7ml-x40.jpg?fit=1000%2C1000&ssl=1","contentUrl":"https:\/\/i0.wp.com\/www.meyer.hr\/wp-content\/uploads\/2021\/09\/ABHG-7ml-x40.jpg?fit=1000%2C1000&ssl=1","width":1000,"height":1000},{"@type":["WebPage","ItemPage"],"@id":"https:\/\/www.meyer.hr\/product\/drmexpertcare-gel-za-dezinfekciju-ruku-7mlx40\/#webpage","url":"https:\/\/www.meyer.hr\/product\/drmexpertcare-gel-za-dezinfekciju-ruku-7mlx40\/","name":"DRM EXPERT CARE | GEL ZA DEZINFEKCIJU RUKU 7mlx40 - Meyer","isPartOf":{"@id":"https:\/\/www.meyer.hr\/#website"},"primaryImageOfPage":{"@id":"https:\/\/www.meyer.hr\/product\/drmexpertcare-gel-za-dezinfekciju-ruku-7mlx40\/#primaryimage"},"datePublished":"2021-09-13T13:33:19+00:00","dateModified":"2025-05-28T13:13:31+00:00","breadcrumb":{"@id":"https:\/\/www.meyer.hr\/product\/drmexpertcare-gel-za-dezinfekciju-ruku-7mlx40\/#breadcrumb"},"inLanguage":"en-GB","potentialAction":[{"@type":"ReadAction","target":["https:\/\/www.meyer.hr\/product\/drmexpertcare-gel-za-dezinfekciju-ruku-7mlx40\/"]}]},{"@type":"BreadcrumbList","@id":"https:\/\/www.meyer.hr\/product\/drmexpertcare-gel-za-dezinfekciju-ruku-7mlx40\/#breadcrumb","itemListElement":[{"@type":"ListItem","position":1,"name":"Home","item":"https:\/\/www.meyer.hr\/"},{"@type":"ListItem","position":2,"name":"Shop","item":"https:\/\/www.meyer.hr\/"},{"@type":"ListItem","position":3,"name":"DRM EXPERT CARE | GEL ZA DEZINFEKCIJU RUKU 7mlx40"}]}]}},"_links":{"self":[{"href":"https:\/\/www.meyer.hr\/en\/wp-json\/wp\/v2\/product\/2000","targetHints":{"allow":["GET"]}}],"collection":[{"href":"https:\/\/www.meyer.hr\/en\/wp-json\/wp\/v2\/product"}],"about":[{"href":"https:\/\/www.meyer.hr\/en\/wp-json\/wp\/v2\/types\/product"}],"replies":[{"embeddable":true,"href":"https:\/\/www.meyer.hr\/en\/wp-json\/wp\/v2\/comments?post=2000"}],"wp:featuredmedia":[{"embeddable":true,"href":"https:\/\/www.meyer.hr\/en\/wp-json\/wp\/v2\/media\/2001"}],"wp:attachment":[{"href":"https:\/\/www.meyer.hr\/en\/wp-json\/wp\/v2\/media?parent=2000"}],"wp:term":[{"taxonomy":"product_cat","embeddable":true,"href":"https:\/\/www.meyer.hr\/en\/wp-json\/wp\/v2\/product_cat?post=2000"},{"taxonomy":"product_tag","embeddable":true,"href":"https:\/\/www.meyer.hr\/en\/wp-json\/wp\/v2\/product_tag?post=2000"}],"curies":[{"name":"wp","href":"https:\/\/api.w.org\/{rel}","templated":true}]}}