{"id":2105,"date":"2021-12-10T15:26:53","date_gmt":"2021-12-10T14:26:53","guid":{"rendered":"https:\/\/www.meyer.hr\/?post_type=product&#038;p=2105"},"modified":"2026-01-21T08:42:05","modified_gmt":"2026-01-21T07:42:05","slug":"renco-sredstvo-za-zastitu-od-glodavaca","status":"publish","type":"product","link":"https:\/\/www.meyer.hr\/en\/product\/renco-sredstvo-za-zastitu-od-glodavaca\/","title":{"rendered":"RENCO | SREDSTVO ZA ZA\u0160TITU OD GLODAVACA"},"content":{"rendered":"<p>Gorki biljni ekstrakti sadr\u017eani u proizvodu odbijaju glodavce, odnosno spre\u010davaju da glo\u0111u izolirane \u017eice ili plasti\u010dna crijeva. Ne truje \u017eivotinje ve\u0107 daje vrlo neugodan gorak okus impregniranim dijelovima. Budu\u0107i da je proizvod usmjeren na osjetilo okusa, postoji mogu\u0107nost da \u017eivotinje glo\u0111u neimpregnirane dijelove. Neugodna aroma istovremeno odbija \u017eivotinje da ulaze u prostor automobila.<\/p>","protected":false},"excerpt":{"rendered":"RenCo Sredstvo za za\u0161titu od glodavca efikasno odbija glodavce neugodnim mirisom.","protected":false},"featured_media":2106,"comment_status":"closed","ping_status":"closed","template":"","meta":{"spay_email":""},"product_cat":[40,84,85,86,89],"product_tag":[109,108],"class_list":["post-2105","product","type-product","status-publish","has-post-thumbnail","hentry","product_cat-renco","product_cat-autokozmetika","product_cat-exterijer","product_cat-interijer","product_cat-renco-professional","product_tag-njega-automobila","product_tag-boje-lakovi"],"yoast_head":"<!-- This site is optimized with the Yoast SEO plugin v17.1 - https:\/\/yoast.com\/wordpress\/plugins\/seo\/ -->\n<meta name=\"robots\" content=\"index, follow, max-snippet:-1, max-image-preview:large, max-video-preview:-1\" \/>\n<link rel=\"canonical\" href=\"https:\/\/www.meyer.hr\/en\/product\/renco-sredstvo-za-zastitu-od-glodavaca\/\" \/>\n<meta property=\"og:locale\" content=\"en_GB\" \/>\n<meta property=\"og:type\" content=\"article\" \/>\n<meta property=\"og:title\" content=\"RENCO | SREDSTVO ZA ZA\u0160TITU OD GLODAVACA - Meyer\" \/>\n<meta property=\"og:description\" content=\"RenCo Sredstvo za za\u0161titu od glodavca efikasno odbija glodavce neugodnim mirisom.\" \/>\n<meta property=\"og:url\" content=\"https:\/\/www.meyer.hr\/en\/product\/renco-sredstvo-za-zastitu-od-glodavaca\/\" \/>\n<meta property=\"og:site_name\" content=\"Meyer\" \/>\n<meta property=\"article:modified_time\" content=\"2026-01-21T07:42:05+00:00\" \/>\n<meta property=\"og:image\" content=\"https:\/\/www.meyer.hr\/wp-content\/uploads\/2021\/12\/Rat-Guard-Spray.jpg\" \/>\n\t<meta property=\"og:image:width\" content=\"1920\" \/>\n\t<meta property=\"og:image:height\" content=\"1920\" \/>\n<meta name=\"twitter:card\" content=\"summary_large_image\" \/>\n<meta name=\"twitter:label1\" content=\"Estimated reading time\" \/>\n\t<meta name=\"twitter:data1\" content=\"1 minute\" \/>\n<script type=\"application\/ld+json\" class=\"yoast-schema-graph\">{\"@context\":\"https:\/\/schema.org\",\"@graph\":[{\"@type\":\"Organization\",\"@id\":\"https:\/\/www.meyer.hr\/#organization\",\"name\":\"Zidac Laboratories\",\"url\":\"https:\/\/www.meyer.hr\/\",\"sameAs\":[],\"logo\":{\"@type\":\"ImageObject\",\"@id\":\"https:\/\/www.meyer.hr\/#logo\",\"inLanguage\":\"en-GB\",\"url\":\"https:\/\/www.meyer.hr\/wp-content\/uploads\/2020\/09\/Logo.svg\",\"contentUrl\":\"https:\/\/www.meyer.hr\/wp-content\/uploads\/2020\/09\/Logo.svg\",\"caption\":\"Zidac Laboratories\"},\"image\":{\"@id\":\"https:\/\/www.meyer.hr\/#logo\"}},{\"@type\":\"WebSite\",\"@id\":\"https:\/\/www.meyer.hr\/#website\",\"url\":\"https:\/\/www.meyer.hr\/\",\"name\":\"Meyer\",\"description\":\"\",\"publisher\":{\"@id\":\"https:\/\/www.meyer.hr\/#organization\"},\"potentialAction\":[{\"@type\":\"SearchAction\",\"target\":{\"@type\":\"EntryPoint\",\"urlTemplate\":\"https:\/\/www.meyer.hr\/?s={search_term_string}\"},\"query-input\":\"required name=search_term_string\"}],\"inLanguage\":\"en-GB\"},{\"@type\":\"ImageObject\",\"@id\":\"https:\/\/www.meyer.hr\/product\/renco-sredstvo-za-zastitu-od-glodavaca\/#primaryimage\",\"inLanguage\":\"en-GB\",\"url\":\"https:\/\/i2.wp.com\/www.meyer.hr\/wp-content\/uploads\/2021\/12\/Rat-Guard-Spray.jpg?fit=1920%2C1920&ssl=1\",\"contentUrl\":\"https:\/\/i2.wp.com\/www.meyer.hr\/wp-content\/uploads\/2021\/12\/Rat-Guard-Spray.jpg?fit=1920%2C1920&ssl=1\",\"width\":1920,\"height\":1920},{\"@type\":[\"WebPage\",\"ItemPage\"],\"@id\":\"https:\/\/www.meyer.hr\/product\/renco-sredstvo-za-zastitu-od-glodavaca\/#webpage\",\"url\":\"https:\/\/www.meyer.hr\/product\/renco-sredstvo-za-zastitu-od-glodavaca\/\",\"name\":\"RENCO | SREDSTVO ZA ZA\\u0160TITU OD GLODAVACA - Meyer\",\"isPartOf\":{\"@id\":\"https:\/\/www.meyer.hr\/#website\"},\"primaryImageOfPage\":{\"@id\":\"https:\/\/www.meyer.hr\/product\/renco-sredstvo-za-zastitu-od-glodavaca\/#primaryimage\"},\"datePublished\":\"2021-12-10T14:26:53+00:00\",\"dateModified\":\"2026-01-21T07:42:05+00:00\",\"breadcrumb\":{\"@id\":\"https:\/\/www.meyer.hr\/product\/renco-sredstvo-za-zastitu-od-glodavaca\/#breadcrumb\"},\"inLanguage\":\"en-GB\",\"potentialAction\":[{\"@type\":\"ReadAction\",\"target\":[\"https:\/\/www.meyer.hr\/product\/renco-sredstvo-za-zastitu-od-glodavaca\/\"]}]},{\"@type\":\"BreadcrumbList\",\"@id\":\"https:\/\/www.meyer.hr\/product\/renco-sredstvo-za-zastitu-od-glodavaca\/#breadcrumb\",\"itemListElement\":[{\"@type\":\"ListItem\",\"position\":1,\"name\":\"Home\",\"item\":\"https:\/\/www.meyer.hr\/\"},{\"@type\":\"ListItem\",\"position\":2,\"name\":\"Shop\",\"item\":\"https:\/\/www.meyer.hr\/\"},{\"@type\":\"ListItem\",\"position\":3,\"name\":\"RENCO | SREDSTVO ZA ZA\\u0160TITU OD GLODAVACA\"}]}]}<\/script>\n<!-- \/ Yoast SEO plugin. -->","yoast_head_json":{"robots":{"index":"index","follow":"follow","max-snippet":"max-snippet:-1","max-image-preview":"max-image-preview:large","max-video-preview":"max-video-preview:-1"},"canonical":"https:\/\/www.meyer.hr\/en\/product\/renco-sredstvo-za-zastitu-od-glodavaca\/","og_locale":"en_GB","og_type":"article","og_title":"RENCO | SREDSTVO ZA ZA\u0160TITU OD GLODAVACA - Meyer","og_description":"RenCo Sredstvo za za\u0161titu od glodavca efikasno odbija glodavce neugodnim mirisom.","og_url":"https:\/\/www.meyer.hr\/en\/product\/renco-sredstvo-za-zastitu-od-glodavaca\/","og_site_name":"Meyer","article_modified_time":"2026-01-21T07:42:05+00:00","og_image":[{"width":1920,"height":1920,"url":"https:\/\/www.meyer.hr\/wp-content\/uploads\/2021\/12\/Rat-Guard-Spray.jpg","path":"\/nas\/content\/live\/meyershop\/wp-content\/uploads\/2021\/12\/Rat-Guard-Spray.jpg","size":"full","id":2106,"alt":"","pixels":3686400,"type":"image\/jpeg"}],"twitter_card":"summary_large_image","twitter_misc":{"Estimated reading time":"1 minute"},"schema":{"@context":"https:\/\/schema.org","@graph":[{"@type":"Organization","@id":"https:\/\/www.meyer.hr\/#organization","name":"Zidac Laboratories","url":"https:\/\/www.meyer.hr\/","sameAs":[],"logo":{"@type":"ImageObject","@id":"https:\/\/www.meyer.hr\/#logo","inLanguage":"en-GB","url":"https:\/\/www.meyer.hr\/wp-content\/uploads\/2020\/09\/Logo.svg","contentUrl":"https:\/\/www.meyer.hr\/wp-content\/uploads\/2020\/09\/Logo.svg","caption":"Zidac Laboratories"},"image":{"@id":"https:\/\/www.meyer.hr\/#logo"}},{"@type":"WebSite","@id":"https:\/\/www.meyer.hr\/#website","url":"https:\/\/www.meyer.hr\/","name":"Meyer","description":"","publisher":{"@id":"https:\/\/www.meyer.hr\/#organization"},"potentialAction":[{"@type":"SearchAction","target":{"@type":"EntryPoint","urlTemplate":"https:\/\/www.meyer.hr\/?s={search_term_string}"},"query-input":"required name=search_term_string"}],"inLanguage":"en-GB"},{"@type":"ImageObject","@id":"https:\/\/www.meyer.hr\/product\/renco-sredstvo-za-zastitu-od-glodavaca\/#primaryimage","inLanguage":"en-GB","url":"https:\/\/i2.wp.com\/www.meyer.hr\/wp-content\/uploads\/2021\/12\/Rat-Guard-Spray.jpg?fit=1920%2C1920&ssl=1","contentUrl":"https:\/\/i2.wp.com\/www.meyer.hr\/wp-content\/uploads\/2021\/12\/Rat-Guard-Spray.jpg?fit=1920%2C1920&ssl=1","width":1920,"height":1920},{"@type":["WebPage","ItemPage"],"@id":"https:\/\/www.meyer.hr\/product\/renco-sredstvo-za-zastitu-od-glodavaca\/#webpage","url":"https:\/\/www.meyer.hr\/product\/renco-sredstvo-za-zastitu-od-glodavaca\/","name":"RENCO | SREDSTVO ZA ZA\u0160TITU OD GLODAVACA - Meyer","isPartOf":{"@id":"https:\/\/www.meyer.hr\/#website"},"primaryImageOfPage":{"@id":"https:\/\/www.meyer.hr\/product\/renco-sredstvo-za-zastitu-od-glodavaca\/#primaryimage"},"datePublished":"2021-12-10T14:26:53+00:00","dateModified":"2026-01-21T07:42:05+00:00","breadcrumb":{"@id":"https:\/\/www.meyer.hr\/product\/renco-sredstvo-za-zastitu-od-glodavaca\/#breadcrumb"},"inLanguage":"en-GB","potentialAction":[{"@type":"ReadAction","target":["https:\/\/www.meyer.hr\/product\/renco-sredstvo-za-zastitu-od-glodavaca\/"]}]},{"@type":"BreadcrumbList","@id":"https:\/\/www.meyer.hr\/product\/renco-sredstvo-za-zastitu-od-glodavaca\/#breadcrumb","itemListElement":[{"@type":"ListItem","position":1,"name":"Home","item":"https:\/\/www.meyer.hr\/"},{"@type":"ListItem","position":2,"name":"Shop","item":"https:\/\/www.meyer.hr\/"},{"@type":"ListItem","position":3,"name":"RENCO | SREDSTVO ZA ZA\u0160TITU OD GLODAVACA"}]}]}},"_links":{"self":[{"href":"https:\/\/www.meyer.hr\/en\/wp-json\/wp\/v2\/product\/2105","targetHints":{"allow":["GET"]}}],"collection":[{"href":"https:\/\/www.meyer.hr\/en\/wp-json\/wp\/v2\/product"}],"about":[{"href":"https:\/\/www.meyer.hr\/en\/wp-json\/wp\/v2\/types\/product"}],"replies":[{"embeddable":true,"href":"https:\/\/www.meyer.hr\/en\/wp-json\/wp\/v2\/comments?post=2105"}],"wp:featuredmedia":[{"embeddable":true,"href":"https:\/\/www.meyer.hr\/en\/wp-json\/wp\/v2\/media\/2106"}],"wp:attachment":[{"href":"https:\/\/www.meyer.hr\/en\/wp-json\/wp\/v2\/media?parent=2105"}],"wp:term":[{"taxonomy":"product_cat","embeddable":true,"href":"https:\/\/www.meyer.hr\/en\/wp-json\/wp\/v2\/product_cat?post=2105"},{"taxonomy":"product_tag","embeddable":true,"href":"https:\/\/www.meyer.hr\/en\/wp-json\/wp\/v2\/product_tag?post=2105"}],"curies":[{"name":"wp","href":"https:\/\/api.w.org\/{rel}","templated":true}]}}