{"id":2354,"date":"2022-02-07T14:49:42","date_gmt":"2022-02-07T13:49:42","guid":{"rendered":"https:\/\/www.meyer.hr\/?post_type=product&#038;p=2354"},"modified":"2026-04-10T13:26:19","modified_gmt":"2026-04-10T12:26:19","slug":"renco-lak-sprej-structure-spray-400ml-2","status":"publish","type":"product","link":"https:\/\/www.meyer.hr\/en\/product\/renco-lak-sprej-structure-spray-400ml-2\/","title":{"rendered":"RENCO | LAK SPREJ STRUCTURE SPRAY 400ml"},"content":{"rendered":"<p>Brzosu\u0161ivi lak sprej s vrlo dobrom snagom prekrivanja, daje ravnomjernu mat povr\u0161iu. UV-postojan, visokoelasti\u010dan, otporan na sve vremenske uvjete. Mat povr\u0161ina omogu\u0107ava dobro pokrivanje neravnina na podlozi. Svojom posebnom teksturom namijenjen je za automobilske branike.<\/p>","protected":false},"excerpt":{"rendered":"RenCo Structure spray je namijenjen za obnovu i za\u0161titu boje na crnim branicima.","protected":false},"featured_media":2355,"comment_status":"closed","ping_status":"closed","template":"","meta":{"spay_email":""},"product_cat":[40,84,85,89,93,94],"product_tag":[109,108],"class_list":["post-2354","product","type-product","status-publish","has-post-thumbnail","hentry","product_cat-renco","product_cat-autokozmetika","product_cat-exterijer","product_cat-renco-professional","product_cat-lakovi","product_cat-lakovi-u-spreju","product_tag-njega-automobila","product_tag-boje-lakovi"],"yoast_head":"<!-- This site is optimized with the Yoast SEO plugin v17.1 - https:\/\/yoast.com\/wordpress\/plugins\/seo\/ -->\n<meta name=\"robots\" content=\"index, follow, max-snippet:-1, max-image-preview:large, max-video-preview:-1\" \/>\n<link rel=\"canonical\" href=\"https:\/\/www.meyer.hr\/en\/product\/renco-lak-sprej-structure-spray-400ml-2\/\" \/>\n<meta property=\"og:locale\" content=\"en_GB\" \/>\n<meta property=\"og:type\" content=\"article\" \/>\n<meta property=\"og:title\" content=\"RENCO | LAK SPREJ STRUCTURE SPRAY 400ml - Meyer\" \/>\n<meta property=\"og:description\" content=\"RenCo Structure spray je namijenjen za obnovu i za\u0161titu boje na crnim branicima.\" \/>\n<meta property=\"og:url\" content=\"https:\/\/www.meyer.hr\/en\/product\/renco-lak-sprej-structure-spray-400ml-2\/\" \/>\n<meta property=\"og:site_name\" content=\"Meyer\" \/>\n<meta property=\"article:modified_time\" content=\"2026-04-10T12:26:19+00:00\" \/>\n<meta property=\"og:image\" content=\"https:\/\/www.meyer.hr\/wp-content\/uploads\/2022\/02\/Sprej-za-Branike.jpg\" \/>\n\t<meta property=\"og:image:width\" content=\"1920\" \/>\n\t<meta property=\"og:image:height\" content=\"1920\" \/>\n<meta name=\"twitter:card\" content=\"summary_large_image\" \/>\n<meta name=\"twitter:label1\" content=\"Estimated reading time\" \/>\n\t<meta name=\"twitter:data1\" content=\"1 minute\" \/>\n<script type=\"application\/ld+json\" class=\"yoast-schema-graph\">{\"@context\":\"https:\/\/schema.org\",\"@graph\":[{\"@type\":\"Organization\",\"@id\":\"https:\/\/www.meyer.hr\/#organization\",\"name\":\"Zidac Laboratories\",\"url\":\"https:\/\/www.meyer.hr\/\",\"sameAs\":[],\"logo\":{\"@type\":\"ImageObject\",\"@id\":\"https:\/\/www.meyer.hr\/#logo\",\"inLanguage\":\"en-GB\",\"url\":\"https:\/\/www.meyer.hr\/wp-content\/uploads\/2020\/09\/Logo.svg\",\"contentUrl\":\"https:\/\/www.meyer.hr\/wp-content\/uploads\/2020\/09\/Logo.svg\",\"caption\":\"Zidac Laboratories\"},\"image\":{\"@id\":\"https:\/\/www.meyer.hr\/#logo\"}},{\"@type\":\"WebSite\",\"@id\":\"https:\/\/www.meyer.hr\/#website\",\"url\":\"https:\/\/www.meyer.hr\/\",\"name\":\"Meyer\",\"description\":\"\",\"publisher\":{\"@id\":\"https:\/\/www.meyer.hr\/#organization\"},\"potentialAction\":[{\"@type\":\"SearchAction\",\"target\":{\"@type\":\"EntryPoint\",\"urlTemplate\":\"https:\/\/www.meyer.hr\/?s={search_term_string}\"},\"query-input\":\"required name=search_term_string\"}],\"inLanguage\":\"en-GB\"},{\"@type\":\"ImageObject\",\"@id\":\"https:\/\/www.meyer.hr\/product\/renco-lak-sprej-structure-spray-400ml-2\/#primaryimage\",\"inLanguage\":\"en-GB\",\"url\":\"https:\/\/i0.wp.com\/www.meyer.hr\/wp-content\/uploads\/2022\/02\/Sprej-za-Branike.jpg?fit=1920%2C1920&ssl=1\",\"contentUrl\":\"https:\/\/i0.wp.com\/www.meyer.hr\/wp-content\/uploads\/2022\/02\/Sprej-za-Branike.jpg?fit=1920%2C1920&ssl=1\",\"width\":1920,\"height\":1920},{\"@type\":[\"WebPage\",\"ItemPage\"],\"@id\":\"https:\/\/www.meyer.hr\/product\/renco-lak-sprej-structure-spray-400ml-2\/#webpage\",\"url\":\"https:\/\/www.meyer.hr\/product\/renco-lak-sprej-structure-spray-400ml-2\/\",\"name\":\"RENCO | LAK SPREJ STRUCTURE SPRAY 400ml - Meyer\",\"isPartOf\":{\"@id\":\"https:\/\/www.meyer.hr\/#website\"},\"primaryImageOfPage\":{\"@id\":\"https:\/\/www.meyer.hr\/product\/renco-lak-sprej-structure-spray-400ml-2\/#primaryimage\"},\"datePublished\":\"2022-02-07T13:49:42+00:00\",\"dateModified\":\"2026-04-10T12:26:19+00:00\",\"breadcrumb\":{\"@id\":\"https:\/\/www.meyer.hr\/product\/renco-lak-sprej-structure-spray-400ml-2\/#breadcrumb\"},\"inLanguage\":\"en-GB\",\"potentialAction\":[{\"@type\":\"ReadAction\",\"target\":[\"https:\/\/www.meyer.hr\/product\/renco-lak-sprej-structure-spray-400ml-2\/\"]}]},{\"@type\":\"BreadcrumbList\",\"@id\":\"https:\/\/www.meyer.hr\/product\/renco-lak-sprej-structure-spray-400ml-2\/#breadcrumb\",\"itemListElement\":[{\"@type\":\"ListItem\",\"position\":1,\"name\":\"Home\",\"item\":\"https:\/\/www.meyer.hr\/\"},{\"@type\":\"ListItem\",\"position\":2,\"name\":\"Shop\",\"item\":\"https:\/\/www.meyer.hr\/\"},{\"@type\":\"ListItem\",\"position\":3,\"name\":\"RENCO | LAK SPREJ STRUCTURE SPRAY 400ml\"}]}]}<\/script>\n<!-- \/ Yoast SEO plugin. -->","yoast_head_json":{"robots":{"index":"index","follow":"follow","max-snippet":"max-snippet:-1","max-image-preview":"max-image-preview:large","max-video-preview":"max-video-preview:-1"},"canonical":"https:\/\/www.meyer.hr\/en\/product\/renco-lak-sprej-structure-spray-400ml-2\/","og_locale":"en_GB","og_type":"article","og_title":"RENCO | LAK SPREJ STRUCTURE SPRAY 400ml - Meyer","og_description":"RenCo Structure spray je namijenjen za obnovu i za\u0161titu boje na crnim branicima.","og_url":"https:\/\/www.meyer.hr\/en\/product\/renco-lak-sprej-structure-spray-400ml-2\/","og_site_name":"Meyer","article_modified_time":"2026-04-10T12:26:19+00:00","og_image":[{"width":1920,"height":1920,"url":"https:\/\/www.meyer.hr\/wp-content\/uploads\/2022\/02\/Sprej-za-Branike.jpg","path":"\/nas\/content\/live\/meyershop\/wp-content\/uploads\/2022\/02\/Sprej-za-Branike.jpg","size":"full","id":2355,"alt":"","pixels":3686400,"type":"image\/jpeg"}],"twitter_card":"summary_large_image","twitter_misc":{"Estimated reading time":"1 minute"},"schema":{"@context":"https:\/\/schema.org","@graph":[{"@type":"Organization","@id":"https:\/\/www.meyer.hr\/#organization","name":"Zidac Laboratories","url":"https:\/\/www.meyer.hr\/","sameAs":[],"logo":{"@type":"ImageObject","@id":"https:\/\/www.meyer.hr\/#logo","inLanguage":"en-GB","url":"https:\/\/www.meyer.hr\/wp-content\/uploads\/2020\/09\/Logo.svg","contentUrl":"https:\/\/www.meyer.hr\/wp-content\/uploads\/2020\/09\/Logo.svg","caption":"Zidac Laboratories"},"image":{"@id":"https:\/\/www.meyer.hr\/#logo"}},{"@type":"WebSite","@id":"https:\/\/www.meyer.hr\/#website","url":"https:\/\/www.meyer.hr\/","name":"Meyer","description":"","publisher":{"@id":"https:\/\/www.meyer.hr\/#organization"},"potentialAction":[{"@type":"SearchAction","target":{"@type":"EntryPoint","urlTemplate":"https:\/\/www.meyer.hr\/?s={search_term_string}"},"query-input":"required name=search_term_string"}],"inLanguage":"en-GB"},{"@type":"ImageObject","@id":"https:\/\/www.meyer.hr\/product\/renco-lak-sprej-structure-spray-400ml-2\/#primaryimage","inLanguage":"en-GB","url":"https:\/\/i0.wp.com\/www.meyer.hr\/wp-content\/uploads\/2022\/02\/Sprej-za-Branike.jpg?fit=1920%2C1920&ssl=1","contentUrl":"https:\/\/i0.wp.com\/www.meyer.hr\/wp-content\/uploads\/2022\/02\/Sprej-za-Branike.jpg?fit=1920%2C1920&ssl=1","width":1920,"height":1920},{"@type":["WebPage","ItemPage"],"@id":"https:\/\/www.meyer.hr\/product\/renco-lak-sprej-structure-spray-400ml-2\/#webpage","url":"https:\/\/www.meyer.hr\/product\/renco-lak-sprej-structure-spray-400ml-2\/","name":"RENCO | LAK SPREJ STRUCTURE SPRAY 400ml - Meyer","isPartOf":{"@id":"https:\/\/www.meyer.hr\/#website"},"primaryImageOfPage":{"@id":"https:\/\/www.meyer.hr\/product\/renco-lak-sprej-structure-spray-400ml-2\/#primaryimage"},"datePublished":"2022-02-07T13:49:42+00:00","dateModified":"2026-04-10T12:26:19+00:00","breadcrumb":{"@id":"https:\/\/www.meyer.hr\/product\/renco-lak-sprej-structure-spray-400ml-2\/#breadcrumb"},"inLanguage":"en-GB","potentialAction":[{"@type":"ReadAction","target":["https:\/\/www.meyer.hr\/product\/renco-lak-sprej-structure-spray-400ml-2\/"]}]},{"@type":"BreadcrumbList","@id":"https:\/\/www.meyer.hr\/product\/renco-lak-sprej-structure-spray-400ml-2\/#breadcrumb","itemListElement":[{"@type":"ListItem","position":1,"name":"Home","item":"https:\/\/www.meyer.hr\/"},{"@type":"ListItem","position":2,"name":"Shop","item":"https:\/\/www.meyer.hr\/"},{"@type":"ListItem","position":3,"name":"RENCO | LAK SPREJ STRUCTURE SPRAY 400ml"}]}]}},"_links":{"self":[{"href":"https:\/\/www.meyer.hr\/en\/wp-json\/wp\/v2\/product\/2354","targetHints":{"allow":["GET"]}}],"collection":[{"href":"https:\/\/www.meyer.hr\/en\/wp-json\/wp\/v2\/product"}],"about":[{"href":"https:\/\/www.meyer.hr\/en\/wp-json\/wp\/v2\/types\/product"}],"replies":[{"embeddable":true,"href":"https:\/\/www.meyer.hr\/en\/wp-json\/wp\/v2\/comments?post=2354"}],"wp:featuredmedia":[{"embeddable":true,"href":"https:\/\/www.meyer.hr\/en\/wp-json\/wp\/v2\/media\/2355"}],"wp:attachment":[{"href":"https:\/\/www.meyer.hr\/en\/wp-json\/wp\/v2\/media?parent=2354"}],"wp:term":[{"taxonomy":"product_cat","embeddable":true,"href":"https:\/\/www.meyer.hr\/en\/wp-json\/wp\/v2\/product_cat?post=2354"},{"taxonomy":"product_tag","embeddable":true,"href":"https:\/\/www.meyer.hr\/en\/wp-json\/wp\/v2\/product_tag?post=2354"}],"curies":[{"name":"wp","href":"https:\/\/api.w.org\/{rel}","templated":true}]}}