{"id":3034,"date":"2023-03-21T13:37:16","date_gmt":"2023-03-21T12:37:16","guid":{"rendered":"https:\/\/www.meyer.hr\/?post_type=product&#038;p=3034"},"modified":"2026-04-10T13:24:41","modified_gmt":"2026-04-10T12:24:41","slug":"drm-profesionalno-sredstvo-za-ciscenje-aparata-za-kavu-refil","status":"publish","type":"product","link":"https:\/\/www.meyer.hr\/en\/product\/drm-profesionalno-sredstvo-za-ciscenje-aparata-za-kavu-refil\/","title":{"rendered":"DRM | PROFESIONALNO SREDSTVO ZA \u010cI\u0160\u0106ENJE APARATA ZA KAVU &#8211; refil"},"content":{"rendered":"<p>Profesionalno sredstvo za \u010di\u0161\u0107enje aparata za kavu. Visoko u\u010dinkovito sredstvo specijalno formulirano za \u010di\u0161\u0107enje djelova komercijalih aparata za kavu. Teku\u0107ina na bazi lu\u017eine posebno u\u010dinkovita kod uklanjanja naslaga kamenca, taloga, ulja zrna kave i naslaga zagorenog mlijeka.<\/p>","protected":false},"excerpt":{"rendered":"Profesionalno sredstvo za \u010di\u0161\u0107enje aparata za kavu koje uklanja ulje zrna kave, talog i naslage zagorenog mlijeka.","protected":false},"featured_media":4072,"comment_status":"closed","ping_status":"closed","template":"","meta":{"spay_email":""},"product_cat":[130,131],"product_tag":[132],"class_list":["post-3034","product","type-product","status-publish","has-post-thumbnail","hentry","product_cat-drm-expert-care","product_cat-drm-expertcare-sredstva-za-ciscenje","product_tag-ciscenje"],"yoast_head":"<!-- This site is optimized with the Yoast SEO plugin v17.1 - https:\/\/yoast.com\/wordpress\/plugins\/seo\/ -->\n<meta name=\"robots\" content=\"index, follow, max-snippet:-1, max-image-preview:large, max-video-preview:-1\" \/>\n<link rel=\"canonical\" href=\"https:\/\/www.meyer.hr\/en\/product\/drm-profesionalno-sredstvo-za-ciscenje-aparata-za-kavu-refil\/\" \/>\n<meta property=\"og:locale\" content=\"en_GB\" \/>\n<meta property=\"og:type\" content=\"article\" \/>\n<meta property=\"og:title\" content=\"DRM | PROFESIONALNO SREDSTVO ZA \u010cI\u0160\u0106ENJE APARATA ZA KAVU - refil - Meyer\" \/>\n<meta property=\"og:description\" content=\"Profesionalno sredstvo za \u010di\u0161\u0107enje aparata za kavu koje uklanja ulje zrna kave, talog i naslage zagorenog mlijeka.\" \/>\n<meta property=\"og:url\" content=\"https:\/\/www.meyer.hr\/en\/product\/drm-profesionalno-sredstvo-za-ciscenje-aparata-za-kavu-refil\/\" \/>\n<meta property=\"og:site_name\" content=\"Meyer\" \/>\n<meta property=\"article:modified_time\" content=\"2026-04-10T12:24:41+00:00\" \/>\n<meta property=\"og:image\" content=\"https:\/\/www.meyer.hr\/wp-content\/uploads\/2023\/03\/DRM-CMC.jpg\" \/>\n\t<meta property=\"og:image:width\" content=\"1920\" \/>\n\t<meta property=\"og:image:height\" content=\"1920\" \/>\n<meta name=\"twitter:card\" content=\"summary_large_image\" \/>\n<meta name=\"twitter:label1\" content=\"Estimated reading time\" \/>\n\t<meta name=\"twitter:data1\" content=\"1 minute\" \/>\n<script type=\"application\/ld+json\" class=\"yoast-schema-graph\">{\"@context\":\"https:\/\/schema.org\",\"@graph\":[{\"@type\":\"Organization\",\"@id\":\"https:\/\/www.meyer.hr\/#organization\",\"name\":\"Zidac Laboratories\",\"url\":\"https:\/\/www.meyer.hr\/\",\"sameAs\":[],\"logo\":{\"@type\":\"ImageObject\",\"@id\":\"https:\/\/www.meyer.hr\/#logo\",\"inLanguage\":\"en-GB\",\"url\":\"https:\/\/www.meyer.hr\/wp-content\/uploads\/2020\/09\/Logo.svg\",\"contentUrl\":\"https:\/\/www.meyer.hr\/wp-content\/uploads\/2020\/09\/Logo.svg\",\"caption\":\"Zidac Laboratories\"},\"image\":{\"@id\":\"https:\/\/www.meyer.hr\/#logo\"}},{\"@type\":\"WebSite\",\"@id\":\"https:\/\/www.meyer.hr\/#website\",\"url\":\"https:\/\/www.meyer.hr\/\",\"name\":\"Meyer\",\"description\":\"\",\"publisher\":{\"@id\":\"https:\/\/www.meyer.hr\/#organization\"},\"potentialAction\":[{\"@type\":\"SearchAction\",\"target\":{\"@type\":\"EntryPoint\",\"urlTemplate\":\"https:\/\/www.meyer.hr\/?s={search_term_string}\"},\"query-input\":\"required name=search_term_string\"}],\"inLanguage\":\"en-GB\"},{\"@type\":\"ImageObject\",\"@id\":\"https:\/\/www.meyer.hr\/product\/drm-profesionalno-sredstvo-za-ciscenje-aparata-za-kavu-refil\/#primaryimage\",\"inLanguage\":\"en-GB\",\"url\":\"https:\/\/i2.wp.com\/www.meyer.hr\/wp-content\/uploads\/2023\/03\/DRM-CMC.jpg?fit=1920%2C1920&ssl=1\",\"contentUrl\":\"https:\/\/i2.wp.com\/www.meyer.hr\/wp-content\/uploads\/2023\/03\/DRM-CMC.jpg?fit=1920%2C1920&ssl=1\",\"width\":1920,\"height\":1920},{\"@type\":[\"WebPage\",\"ItemPage\"],\"@id\":\"https:\/\/www.meyer.hr\/product\/drm-profesionalno-sredstvo-za-ciscenje-aparata-za-kavu-refil\/#webpage\",\"url\":\"https:\/\/www.meyer.hr\/product\/drm-profesionalno-sredstvo-za-ciscenje-aparata-za-kavu-refil\/\",\"name\":\"DRM | PROFESIONALNO SREDSTVO ZA \\u010cI\\u0160\\u0106ENJE APARATA ZA KAVU - refil - Meyer\",\"isPartOf\":{\"@id\":\"https:\/\/www.meyer.hr\/#website\"},\"primaryImageOfPage\":{\"@id\":\"https:\/\/www.meyer.hr\/product\/drm-profesionalno-sredstvo-za-ciscenje-aparata-za-kavu-refil\/#primaryimage\"},\"datePublished\":\"2023-03-21T12:37:16+00:00\",\"dateModified\":\"2026-04-10T12:24:41+00:00\",\"breadcrumb\":{\"@id\":\"https:\/\/www.meyer.hr\/product\/drm-profesionalno-sredstvo-za-ciscenje-aparata-za-kavu-refil\/#breadcrumb\"},\"inLanguage\":\"en-GB\",\"potentialAction\":[{\"@type\":\"ReadAction\",\"target\":[\"https:\/\/www.meyer.hr\/product\/drm-profesionalno-sredstvo-za-ciscenje-aparata-za-kavu-refil\/\"]}]},{\"@type\":\"BreadcrumbList\",\"@id\":\"https:\/\/www.meyer.hr\/product\/drm-profesionalno-sredstvo-za-ciscenje-aparata-za-kavu-refil\/#breadcrumb\",\"itemListElement\":[{\"@type\":\"ListItem\",\"position\":1,\"name\":\"Home\",\"item\":\"https:\/\/www.meyer.hr\/\"},{\"@type\":\"ListItem\",\"position\":2,\"name\":\"Shop\",\"item\":\"https:\/\/www.meyer.hr\/\"},{\"@type\":\"ListItem\",\"position\":3,\"name\":\"DRM | PROFESIONALNO SREDSTVO ZA \\u010cI\\u0160\\u0106ENJE APARATA ZA KAVU &#8211; refil\"}]}]}<\/script>\n<!-- \/ Yoast SEO plugin. -->","yoast_head_json":{"robots":{"index":"index","follow":"follow","max-snippet":"max-snippet:-1","max-image-preview":"max-image-preview:large","max-video-preview":"max-video-preview:-1"},"canonical":"https:\/\/www.meyer.hr\/en\/product\/drm-profesionalno-sredstvo-za-ciscenje-aparata-za-kavu-refil\/","og_locale":"en_GB","og_type":"article","og_title":"DRM | PROFESIONALNO SREDSTVO ZA \u010cI\u0160\u0106ENJE APARATA ZA KAVU - refil - Meyer","og_description":"Profesionalno sredstvo za \u010di\u0161\u0107enje aparata za kavu koje uklanja ulje zrna kave, talog i naslage zagorenog mlijeka.","og_url":"https:\/\/www.meyer.hr\/en\/product\/drm-profesionalno-sredstvo-za-ciscenje-aparata-za-kavu-refil\/","og_site_name":"Meyer","article_modified_time":"2026-04-10T12:24:41+00:00","og_image":[{"width":1920,"height":1920,"filesize":105182,"url":"https:\/\/www.meyer.hr\/wp-content\/uploads\/2023\/03\/DRM-CMC.jpg","path":"\/nas\/content\/live\/meyershop\/wp-content\/uploads\/2023\/03\/DRM-CMC.jpg","size":"full","id":4072,"alt":"","pixels":3686400,"type":"image\/jpeg"}],"twitter_card":"summary_large_image","twitter_misc":{"Estimated reading time":"1 minute"},"schema":{"@context":"https:\/\/schema.org","@graph":[{"@type":"Organization","@id":"https:\/\/www.meyer.hr\/#organization","name":"Zidac Laboratories","url":"https:\/\/www.meyer.hr\/","sameAs":[],"logo":{"@type":"ImageObject","@id":"https:\/\/www.meyer.hr\/#logo","inLanguage":"en-GB","url":"https:\/\/www.meyer.hr\/wp-content\/uploads\/2020\/09\/Logo.svg","contentUrl":"https:\/\/www.meyer.hr\/wp-content\/uploads\/2020\/09\/Logo.svg","caption":"Zidac Laboratories"},"image":{"@id":"https:\/\/www.meyer.hr\/#logo"}},{"@type":"WebSite","@id":"https:\/\/www.meyer.hr\/#website","url":"https:\/\/www.meyer.hr\/","name":"Meyer","description":"","publisher":{"@id":"https:\/\/www.meyer.hr\/#organization"},"potentialAction":[{"@type":"SearchAction","target":{"@type":"EntryPoint","urlTemplate":"https:\/\/www.meyer.hr\/?s={search_term_string}"},"query-input":"required name=search_term_string"}],"inLanguage":"en-GB"},{"@type":"ImageObject","@id":"https:\/\/www.meyer.hr\/product\/drm-profesionalno-sredstvo-za-ciscenje-aparata-za-kavu-refil\/#primaryimage","inLanguage":"en-GB","url":"https:\/\/i2.wp.com\/www.meyer.hr\/wp-content\/uploads\/2023\/03\/DRM-CMC.jpg?fit=1920%2C1920&ssl=1","contentUrl":"https:\/\/i2.wp.com\/www.meyer.hr\/wp-content\/uploads\/2023\/03\/DRM-CMC.jpg?fit=1920%2C1920&ssl=1","width":1920,"height":1920},{"@type":["WebPage","ItemPage"],"@id":"https:\/\/www.meyer.hr\/product\/drm-profesionalno-sredstvo-za-ciscenje-aparata-za-kavu-refil\/#webpage","url":"https:\/\/www.meyer.hr\/product\/drm-profesionalno-sredstvo-za-ciscenje-aparata-za-kavu-refil\/","name":"DRM | PROFESIONALNO SREDSTVO ZA \u010cI\u0160\u0106ENJE APARATA ZA KAVU - refil - Meyer","isPartOf":{"@id":"https:\/\/www.meyer.hr\/#website"},"primaryImageOfPage":{"@id":"https:\/\/www.meyer.hr\/product\/drm-profesionalno-sredstvo-za-ciscenje-aparata-za-kavu-refil\/#primaryimage"},"datePublished":"2023-03-21T12:37:16+00:00","dateModified":"2026-04-10T12:24:41+00:00","breadcrumb":{"@id":"https:\/\/www.meyer.hr\/product\/drm-profesionalno-sredstvo-za-ciscenje-aparata-za-kavu-refil\/#breadcrumb"},"inLanguage":"en-GB","potentialAction":[{"@type":"ReadAction","target":["https:\/\/www.meyer.hr\/product\/drm-profesionalno-sredstvo-za-ciscenje-aparata-za-kavu-refil\/"]}]},{"@type":"BreadcrumbList","@id":"https:\/\/www.meyer.hr\/product\/drm-profesionalno-sredstvo-za-ciscenje-aparata-za-kavu-refil\/#breadcrumb","itemListElement":[{"@type":"ListItem","position":1,"name":"Home","item":"https:\/\/www.meyer.hr\/"},{"@type":"ListItem","position":2,"name":"Shop","item":"https:\/\/www.meyer.hr\/"},{"@type":"ListItem","position":3,"name":"DRM | PROFESIONALNO SREDSTVO ZA \u010cI\u0160\u0106ENJE APARATA ZA KAVU &#8211; refil"}]}]}},"_links":{"self":[{"href":"https:\/\/www.meyer.hr\/en\/wp-json\/wp\/v2\/product\/3034","targetHints":{"allow":["GET"]}}],"collection":[{"href":"https:\/\/www.meyer.hr\/en\/wp-json\/wp\/v2\/product"}],"about":[{"href":"https:\/\/www.meyer.hr\/en\/wp-json\/wp\/v2\/types\/product"}],"replies":[{"embeddable":true,"href":"https:\/\/www.meyer.hr\/en\/wp-json\/wp\/v2\/comments?post=3034"}],"wp:featuredmedia":[{"embeddable":true,"href":"https:\/\/www.meyer.hr\/en\/wp-json\/wp\/v2\/media\/4072"}],"wp:attachment":[{"href":"https:\/\/www.meyer.hr\/en\/wp-json\/wp\/v2\/media?parent=3034"}],"wp:term":[{"taxonomy":"product_cat","embeddable":true,"href":"https:\/\/www.meyer.hr\/en\/wp-json\/wp\/v2\/product_cat?post=3034"},{"taxonomy":"product_tag","embeddable":true,"href":"https:\/\/www.meyer.hr\/en\/wp-json\/wp\/v2\/product_tag?post=3034"}],"curies":[{"name":"wp","href":"https:\/\/api.w.org\/{rel}","templated":true}]}}