{"id":4363,"date":"2025-05-29T14:11:31","date_gmt":"2025-05-29T13:11:31","guid":{"rendered":"https:\/\/www.meyer.hr\/?post_type=product&#038;p=4363"},"modified":"2025-10-29T09:04:33","modified_gmt":"2025-10-29T08:04:33","slug":"drm-expert-care-tekuci-sapun-za-ruke-s-antibakterijskim-ucinkom-5l","status":"publish","type":"product","link":"https:\/\/www.meyer.hr\/en\/product\/drm-expert-care-tekuci-sapun-za-ruke-s-antibakterijskim-ucinkom-5l\/","title":{"rendered":"DRM EXPERT CARE | TEKU\u0106I SAPUN ZA RUKE S ANTIBAKTERIJSKIM U\u010cINKOM 5l"},"content":{"rendered":"<p>Teku\u0107i sapun za ruke s antibakterijskim u\u010dinkom pa\u017eljivo je formuliran da \u010disti ruke i ostavlja osje\u0107aj svje\u017eine i hidratacije. Namijenjen je za svakodnevnu uporabu i pogodan za cijelu obitelj.<\/p>","protected":false},"excerpt":{"rendered":"DRM Expert Care teku\u0107i sapun za ruke s antibakterijskim u\u010dinkom.","protected":false},"featured_media":4364,"comment_status":"closed","ping_status":"closed","template":"","meta":{"spay_email":""},"product_cat":[130,41,46],"product_tag":[113,110],"class_list":["post-4363","product","type-product","status-publish","has-post-thumbnail","hentry","product_cat-drm-expert-care","product_cat-dezinfekcija-ruku","product_cat-tekuci-sapun","product_tag-dezinfekcija","product_tag-njega-tijela"],"yoast_head":"<!-- This site is optimized with the Yoast SEO plugin v17.1 - https:\/\/yoast.com\/wordpress\/plugins\/seo\/ -->\n<meta name=\"robots\" content=\"index, follow, max-snippet:-1, max-image-preview:large, max-video-preview:-1\" \/>\n<link rel=\"canonical\" href=\"https:\/\/www.meyer.hr\/en\/product\/drm-expert-care-tekuci-sapun-za-ruke-s-antibakterijskim-ucinkom-5l\/\" \/>\n<meta property=\"og:locale\" content=\"en_GB\" \/>\n<meta property=\"og:type\" content=\"article\" \/>\n<meta property=\"og:title\" content=\"DRM EXPERT CARE | TEKU\u0106I SAPUN ZA RUKE S ANTIBAKTERIJSKIM U\u010cINKOM 5l - Meyer\" \/>\n<meta property=\"og:description\" content=\"DRM Expert Care teku\u0107i sapun za ruke s antibakterijskim u\u010dinkom.\" \/>\n<meta property=\"og:url\" content=\"https:\/\/www.meyer.hr\/en\/product\/drm-expert-care-tekuci-sapun-za-ruke-s-antibakterijskim-ucinkom-5l\/\" \/>\n<meta property=\"og:site_name\" content=\"Meyer\" \/>\n<meta property=\"article:modified_time\" content=\"2025-10-29T08:04:33+00:00\" \/>\n<meta property=\"og:image\" content=\"https:\/\/www.meyer.hr\/wp-content\/uploads\/2025\/05\/drmexpert_dezinfekcija_tekuci_sapun_antibakterijski-5l.jpg\" \/>\n\t<meta property=\"og:image:width\" content=\"1920\" \/>\n\t<meta property=\"og:image:height\" content=\"1920\" \/>\n<meta name=\"twitter:card\" content=\"summary_large_image\" \/>\n<script type=\"application\/ld+json\" class=\"yoast-schema-graph\">{\"@context\":\"https:\/\/schema.org\",\"@graph\":[{\"@type\":\"Organization\",\"@id\":\"https:\/\/www.meyer.hr\/#organization\",\"name\":\"Zidac Laboratories\",\"url\":\"https:\/\/www.meyer.hr\/\",\"sameAs\":[],\"logo\":{\"@type\":\"ImageObject\",\"@id\":\"https:\/\/www.meyer.hr\/#logo\",\"inLanguage\":\"en-GB\",\"url\":\"https:\/\/www.meyer.hr\/wp-content\/uploads\/2020\/09\/Logo.svg\",\"contentUrl\":\"https:\/\/www.meyer.hr\/wp-content\/uploads\/2020\/09\/Logo.svg\",\"caption\":\"Zidac Laboratories\"},\"image\":{\"@id\":\"https:\/\/www.meyer.hr\/#logo\"}},{\"@type\":\"WebSite\",\"@id\":\"https:\/\/www.meyer.hr\/#website\",\"url\":\"https:\/\/www.meyer.hr\/\",\"name\":\"Meyer\",\"description\":\"\",\"publisher\":{\"@id\":\"https:\/\/www.meyer.hr\/#organization\"},\"potentialAction\":[{\"@type\":\"SearchAction\",\"target\":{\"@type\":\"EntryPoint\",\"urlTemplate\":\"https:\/\/www.meyer.hr\/?s={search_term_string}\"},\"query-input\":\"required name=search_term_string\"}],\"inLanguage\":\"en-GB\"},{\"@type\":\"ImageObject\",\"@id\":\"https:\/\/www.meyer.hr\/product\/drm-expert-care-tekuci-sapun-za-ruke-s-antibakterijskim-ucinkom-5l\/#primaryimage\",\"inLanguage\":\"en-GB\",\"url\":\"https:\/\/i2.wp.com\/www.meyer.hr\/wp-content\/uploads\/2025\/05\/drmexpert_dezinfekcija_tekuci_sapun_antibakterijski-5l.jpg?fit=1920%2C1920&ssl=1\",\"contentUrl\":\"https:\/\/i2.wp.com\/www.meyer.hr\/wp-content\/uploads\/2025\/05\/drmexpert_dezinfekcija_tekuci_sapun_antibakterijski-5l.jpg?fit=1920%2C1920&ssl=1\",\"width\":1920,\"height\":1920,\"caption\":\"drmexpert_dezinfekcija_tekuci_sapun_antibakterijski 5l\"},{\"@type\":[\"WebPage\",\"ItemPage\"],\"@id\":\"https:\/\/www.meyer.hr\/product\/drm-expert-care-tekuci-sapun-za-ruke-s-antibakterijskim-ucinkom-5l\/#webpage\",\"url\":\"https:\/\/www.meyer.hr\/product\/drm-expert-care-tekuci-sapun-za-ruke-s-antibakterijskim-ucinkom-5l\/\",\"name\":\"DRM EXPERT CARE | TEKU\\u0106I SAPUN ZA RUKE S ANTIBAKTERIJSKIM U\\u010cINKOM 5l - Meyer\",\"isPartOf\":{\"@id\":\"https:\/\/www.meyer.hr\/#website\"},\"primaryImageOfPage\":{\"@id\":\"https:\/\/www.meyer.hr\/product\/drm-expert-care-tekuci-sapun-za-ruke-s-antibakterijskim-ucinkom-5l\/#primaryimage\"},\"datePublished\":\"2025-05-29T13:11:31+00:00\",\"dateModified\":\"2025-10-29T08:04:33+00:00\",\"breadcrumb\":{\"@id\":\"https:\/\/www.meyer.hr\/product\/drm-expert-care-tekuci-sapun-za-ruke-s-antibakterijskim-ucinkom-5l\/#breadcrumb\"},\"inLanguage\":\"en-GB\",\"potentialAction\":[{\"@type\":\"ReadAction\",\"target\":[\"https:\/\/www.meyer.hr\/product\/drm-expert-care-tekuci-sapun-za-ruke-s-antibakterijskim-ucinkom-5l\/\"]}]},{\"@type\":\"BreadcrumbList\",\"@id\":\"https:\/\/www.meyer.hr\/product\/drm-expert-care-tekuci-sapun-za-ruke-s-antibakterijskim-ucinkom-5l\/#breadcrumb\",\"itemListElement\":[{\"@type\":\"ListItem\",\"position\":1,\"name\":\"Home\",\"item\":\"https:\/\/www.meyer.hr\/\"},{\"@type\":\"ListItem\",\"position\":2,\"name\":\"Shop\",\"item\":\"https:\/\/www.meyer.hr\/\"},{\"@type\":\"ListItem\",\"position\":3,\"name\":\"DRM EXPERT CARE | TEKU\\u0106I SAPUN ZA RUKE S ANTIBAKTERIJSKIM U\\u010cINKOM 5l\"}]}]}<\/script>\n<!-- \/ Yoast SEO plugin. -->","yoast_head_json":{"robots":{"index":"index","follow":"follow","max-snippet":"max-snippet:-1","max-image-preview":"max-image-preview:large","max-video-preview":"max-video-preview:-1"},"canonical":"https:\/\/www.meyer.hr\/en\/product\/drm-expert-care-tekuci-sapun-za-ruke-s-antibakterijskim-ucinkom-5l\/","og_locale":"en_GB","og_type":"article","og_title":"DRM EXPERT CARE | TEKU\u0106I SAPUN ZA RUKE S ANTIBAKTERIJSKIM U\u010cINKOM 5l - Meyer","og_description":"DRM Expert Care teku\u0107i sapun za ruke s antibakterijskim u\u010dinkom.","og_url":"https:\/\/www.meyer.hr\/en\/product\/drm-expert-care-tekuci-sapun-za-ruke-s-antibakterijskim-ucinkom-5l\/","og_site_name":"Meyer","article_modified_time":"2025-10-29T08:04:33+00:00","og_image":[{"width":1920,"height":1920,"filesize":163610,"url":"https:\/\/www.meyer.hr\/wp-content\/uploads\/2025\/05\/drmexpert_dezinfekcija_tekuci_sapun_antibakterijski-5l.jpg","path":"\/nas\/content\/live\/meyershop\/wp-content\/uploads\/2025\/05\/drmexpert_dezinfekcija_tekuci_sapun_antibakterijski-5l.jpg","size":"full","id":4364,"alt":"drmexpert_dezinfekcija_tekuci_sapun_antibakterijski 5l","pixels":3686400,"type":"image\/jpeg"}],"twitter_card":"summary_large_image","schema":{"@context":"https:\/\/schema.org","@graph":[{"@type":"Organization","@id":"https:\/\/www.meyer.hr\/#organization","name":"Zidac Laboratories","url":"https:\/\/www.meyer.hr\/","sameAs":[],"logo":{"@type":"ImageObject","@id":"https:\/\/www.meyer.hr\/#logo","inLanguage":"en-GB","url":"https:\/\/www.meyer.hr\/wp-content\/uploads\/2020\/09\/Logo.svg","contentUrl":"https:\/\/www.meyer.hr\/wp-content\/uploads\/2020\/09\/Logo.svg","caption":"Zidac Laboratories"},"image":{"@id":"https:\/\/www.meyer.hr\/#logo"}},{"@type":"WebSite","@id":"https:\/\/www.meyer.hr\/#website","url":"https:\/\/www.meyer.hr\/","name":"Meyer","description":"","publisher":{"@id":"https:\/\/www.meyer.hr\/#organization"},"potentialAction":[{"@type":"SearchAction","target":{"@type":"EntryPoint","urlTemplate":"https:\/\/www.meyer.hr\/?s={search_term_string}"},"query-input":"required name=search_term_string"}],"inLanguage":"en-GB"},{"@type":"ImageObject","@id":"https:\/\/www.meyer.hr\/product\/drm-expert-care-tekuci-sapun-za-ruke-s-antibakterijskim-ucinkom-5l\/#primaryimage","inLanguage":"en-GB","url":"https:\/\/i2.wp.com\/www.meyer.hr\/wp-content\/uploads\/2025\/05\/drmexpert_dezinfekcija_tekuci_sapun_antibakterijski-5l.jpg?fit=1920%2C1920&ssl=1","contentUrl":"https:\/\/i2.wp.com\/www.meyer.hr\/wp-content\/uploads\/2025\/05\/drmexpert_dezinfekcija_tekuci_sapun_antibakterijski-5l.jpg?fit=1920%2C1920&ssl=1","width":1920,"height":1920,"caption":"drmexpert_dezinfekcija_tekuci_sapun_antibakterijski 5l"},{"@type":["WebPage","ItemPage"],"@id":"https:\/\/www.meyer.hr\/product\/drm-expert-care-tekuci-sapun-za-ruke-s-antibakterijskim-ucinkom-5l\/#webpage","url":"https:\/\/www.meyer.hr\/product\/drm-expert-care-tekuci-sapun-za-ruke-s-antibakterijskim-ucinkom-5l\/","name":"DRM EXPERT CARE | TEKU\u0106I SAPUN ZA RUKE S ANTIBAKTERIJSKIM U\u010cINKOM 5l - Meyer","isPartOf":{"@id":"https:\/\/www.meyer.hr\/#website"},"primaryImageOfPage":{"@id":"https:\/\/www.meyer.hr\/product\/drm-expert-care-tekuci-sapun-za-ruke-s-antibakterijskim-ucinkom-5l\/#primaryimage"},"datePublished":"2025-05-29T13:11:31+00:00","dateModified":"2025-10-29T08:04:33+00:00","breadcrumb":{"@id":"https:\/\/www.meyer.hr\/product\/drm-expert-care-tekuci-sapun-za-ruke-s-antibakterijskim-ucinkom-5l\/#breadcrumb"},"inLanguage":"en-GB","potentialAction":[{"@type":"ReadAction","target":["https:\/\/www.meyer.hr\/product\/drm-expert-care-tekuci-sapun-za-ruke-s-antibakterijskim-ucinkom-5l\/"]}]},{"@type":"BreadcrumbList","@id":"https:\/\/www.meyer.hr\/product\/drm-expert-care-tekuci-sapun-za-ruke-s-antibakterijskim-ucinkom-5l\/#breadcrumb","itemListElement":[{"@type":"ListItem","position":1,"name":"Home","item":"https:\/\/www.meyer.hr\/"},{"@type":"ListItem","position":2,"name":"Shop","item":"https:\/\/www.meyer.hr\/"},{"@type":"ListItem","position":3,"name":"DRM EXPERT CARE | TEKU\u0106I SAPUN ZA RUKE S ANTIBAKTERIJSKIM U\u010cINKOM 5l"}]}]}},"_links":{"self":[{"href":"https:\/\/www.meyer.hr\/en\/wp-json\/wp\/v2\/product\/4363","targetHints":{"allow":["GET"]}}],"collection":[{"href":"https:\/\/www.meyer.hr\/en\/wp-json\/wp\/v2\/product"}],"about":[{"href":"https:\/\/www.meyer.hr\/en\/wp-json\/wp\/v2\/types\/product"}],"replies":[{"embeddable":true,"href":"https:\/\/www.meyer.hr\/en\/wp-json\/wp\/v2\/comments?post=4363"}],"wp:featuredmedia":[{"embeddable":true,"href":"https:\/\/www.meyer.hr\/en\/wp-json\/wp\/v2\/media\/4364"}],"wp:attachment":[{"href":"https:\/\/www.meyer.hr\/en\/wp-json\/wp\/v2\/media?parent=4363"}],"wp:term":[{"taxonomy":"product_cat","embeddable":true,"href":"https:\/\/www.meyer.hr\/en\/wp-json\/wp\/v2\/product_cat?post=4363"},{"taxonomy":"product_tag","embeddable":true,"href":"https:\/\/www.meyer.hr\/en\/wp-json\/wp\/v2\/product_tag?post=4363"}],"curies":[{"name":"wp","href":"https:\/\/api.w.org\/{rel}","templated":true}]}}