{"id":4386,"date":"2025-06-02T13:12:59","date_gmt":"2025-06-02T12:12:59","guid":{"rendered":"https:\/\/www.meyer.hr\/?post_type=product&#038;p=4386"},"modified":"2025-06-02T13:13:00","modified_gmt":"2025-06-02T12:13:00","slug":"drm-expert-care-visenamjenski-dezinficijens-750ml","status":"publish","type":"product","link":"https:\/\/www.meyer.hr\/en\/product\/drm-expert-care-visenamjenski-dezinficijens-750ml\/","title":{"rendered":"DRM EXPERT CARE | VI\u0160ENAMJENSKI DEZINFICIJENS 750ml"},"content":{"rendered":"<p>Vi\u0161enamjenski dezinficijens za povr\u0161ine \u2013 Biocidni pripravak PT2 + PT4<br \/>\nZa brzu i u\u010dinkovitu dezinfekciju povr\u0161ina<\/p>\n<p>UBIJA 99.99%<\/p>\n<ul>\n<li>VIRUSA (uklju\u010duju\u0107i koronaviruse)<\/li>\n<li>BAKTERIJA<\/li>\n<\/ul>\n<p>UBIJA 99.9%<\/p>\n<ul>\n<li>GLJIVICA<\/li>\n<li>KVASACA<\/li>\n<\/ul>\n<p>Prikladan za upotrebu na podru\u010dju pripreme hrane, u industriji, doma\u0107instvu i javnim ustanovama.<\/p>\n<ul>\n<li>Za sve vrste povr\u0161ina<\/li>\n<li>Bez ispiranja<\/li>\n<li>Bez boje i parfema<\/li>\n<\/ul>\n<p>Proizvod je testiran prema:<br \/>\nEN 13697:2015 + A1:2019<\/p>\n<p>KLASA: UP\/I-543-04\/20-05\/554<br \/>\nURBROJ:534-07-1\/4-20-2<\/p>","protected":false},"excerpt":{"rendered":"DRM Expert Care Vi\u0161enamjenski dezinficijens za povr\u0161ine ubija 99,99% virusa (uklju\u010duju\u0107i koronaviruse) i bakterija te 99,9% gljivica i kvasaca. Prakti\u010dno pakiranje s raspr\u0161iva\u010dem za brzu i u\u010dinkovitu dezinfekciju povr\u0161ina.","protected":false},"featured_media":4387,"comment_status":"closed","ping_status":"closed","template":"","meta":{"spay_email":""},"product_cat":[130,35,42,48],"product_tag":[113,110],"class_list":["post-4386","product","type-product","status-publish","has-post-thumbnail","hentry","product_cat-drm-expert-care","product_cat-drm-expertcare-dezinfekcija","product_cat-dezinfekcija-povrsina","product_cat-visenamjenski-dezinficijens-za-povrsine","product_tag-dezinfekcija","product_tag-njega-tijela"],"yoast_head":"<!-- This site is optimized with the Yoast SEO plugin v17.1 - https:\/\/yoast.com\/wordpress\/plugins\/seo\/ -->\n<meta name=\"robots\" content=\"index, follow, max-snippet:-1, max-image-preview:large, max-video-preview:-1\" \/>\n<link rel=\"canonical\" href=\"https:\/\/www.meyer.hr\/en\/product\/drm-expert-care-visenamjenski-dezinficijens-750ml\/\" \/>\n<meta property=\"og:locale\" content=\"en_GB\" \/>\n<meta property=\"og:type\" content=\"article\" \/>\n<meta property=\"og:title\" content=\"DRM EXPERT CARE | VI\u0160ENAMJENSKI DEZINFICIJENS 750ml - Meyer\" \/>\n<meta property=\"og:description\" content=\"DRM Expert Care Vi\u0161enamjenski dezinficijens za povr\u0161ine ubija 99,99% virusa (uklju\u010duju\u0107i koronaviruse) i bakterija te 99,9% gljivica i kvasaca. Prakti\u010dno pakiranje s raspr\u0161iva\u010dem za brzu i u\u010dinkovitu dezinfekciju povr\u0161ina.\" \/>\n<meta property=\"og:url\" content=\"https:\/\/www.meyer.hr\/en\/product\/drm-expert-care-visenamjenski-dezinficijens-750ml\/\" \/>\n<meta property=\"og:site_name\" content=\"Meyer\" \/>\n<meta property=\"article:modified_time\" content=\"2025-06-02T12:13:00+00:00\" \/>\n<meta property=\"og:image\" content=\"https:\/\/www.meyer.hr\/wp-content\/uploads\/2025\/06\/drmexpert_dezinfekcija_visenamjenski_dezificijens750ml.jpg\" \/>\n\t<meta property=\"og:image:width\" content=\"1920\" \/>\n\t<meta property=\"og:image:height\" content=\"1920\" \/>\n<meta name=\"twitter:card\" content=\"summary_large_image\" \/>\n<script type=\"application\/ld+json\" class=\"yoast-schema-graph\">{\"@context\":\"https:\/\/schema.org\",\"@graph\":[{\"@type\":\"Organization\",\"@id\":\"https:\/\/www.meyer.hr\/#organization\",\"name\":\"Zidac Laboratories\",\"url\":\"https:\/\/www.meyer.hr\/\",\"sameAs\":[],\"logo\":{\"@type\":\"ImageObject\",\"@id\":\"https:\/\/www.meyer.hr\/#logo\",\"inLanguage\":\"en-GB\",\"url\":\"https:\/\/www.meyer.hr\/wp-content\/uploads\/2020\/09\/Logo.svg\",\"contentUrl\":\"https:\/\/www.meyer.hr\/wp-content\/uploads\/2020\/09\/Logo.svg\",\"caption\":\"Zidac Laboratories\"},\"image\":{\"@id\":\"https:\/\/www.meyer.hr\/#logo\"}},{\"@type\":\"WebSite\",\"@id\":\"https:\/\/www.meyer.hr\/#website\",\"url\":\"https:\/\/www.meyer.hr\/\",\"name\":\"Meyer\",\"description\":\"\",\"publisher\":{\"@id\":\"https:\/\/www.meyer.hr\/#organization\"},\"potentialAction\":[{\"@type\":\"SearchAction\",\"target\":{\"@type\":\"EntryPoint\",\"urlTemplate\":\"https:\/\/www.meyer.hr\/?s={search_term_string}\"},\"query-input\":\"required name=search_term_string\"}],\"inLanguage\":\"en-GB\"},{\"@type\":\"ImageObject\",\"@id\":\"https:\/\/www.meyer.hr\/product\/drm-expert-care-visenamjenski-dezinficijens-750ml\/#primaryimage\",\"inLanguage\":\"en-GB\",\"url\":\"https:\/\/i2.wp.com\/www.meyer.hr\/wp-content\/uploads\/2025\/06\/drmexpert_dezinfekcija_visenamjenski_dezificijens750ml.jpg?fit=1920%2C1920&ssl=1\",\"contentUrl\":\"https:\/\/i2.wp.com\/www.meyer.hr\/wp-content\/uploads\/2025\/06\/drmexpert_dezinfekcija_visenamjenski_dezificijens750ml.jpg?fit=1920%2C1920&ssl=1\",\"width\":1920,\"height\":1920,\"caption\":\"drmexpertcare_dezinfekcija_visenamjenski_dezificijens750ml\"},{\"@type\":[\"WebPage\",\"ItemPage\"],\"@id\":\"https:\/\/www.meyer.hr\/product\/drm-expert-care-visenamjenski-dezinficijens-750ml\/#webpage\",\"url\":\"https:\/\/www.meyer.hr\/product\/drm-expert-care-visenamjenski-dezinficijens-750ml\/\",\"name\":\"DRM EXPERT CARE | VI\\u0160ENAMJENSKI DEZINFICIJENS 750ml - Meyer\",\"isPartOf\":{\"@id\":\"https:\/\/www.meyer.hr\/#website\"},\"primaryImageOfPage\":{\"@id\":\"https:\/\/www.meyer.hr\/product\/drm-expert-care-visenamjenski-dezinficijens-750ml\/#primaryimage\"},\"datePublished\":\"2025-06-02T12:12:59+00:00\",\"dateModified\":\"2025-06-02T12:13:00+00:00\",\"breadcrumb\":{\"@id\":\"https:\/\/www.meyer.hr\/product\/drm-expert-care-visenamjenski-dezinficijens-750ml\/#breadcrumb\"},\"inLanguage\":\"en-GB\",\"potentialAction\":[{\"@type\":\"ReadAction\",\"target\":[\"https:\/\/www.meyer.hr\/product\/drm-expert-care-visenamjenski-dezinficijens-750ml\/\"]}]},{\"@type\":\"BreadcrumbList\",\"@id\":\"https:\/\/www.meyer.hr\/product\/drm-expert-care-visenamjenski-dezinficijens-750ml\/#breadcrumb\",\"itemListElement\":[{\"@type\":\"ListItem\",\"position\":1,\"name\":\"Home\",\"item\":\"https:\/\/www.meyer.hr\/\"},{\"@type\":\"ListItem\",\"position\":2,\"name\":\"Shop\",\"item\":\"https:\/\/www.meyer.hr\/\"},{\"@type\":\"ListItem\",\"position\":3,\"name\":\"DRM EXPERT CARE | VI\\u0160ENAMJENSKI DEZINFICIJENS 750ml\"}]}]}<\/script>\n<!-- \/ Yoast SEO plugin. -->","yoast_head_json":{"robots":{"index":"index","follow":"follow","max-snippet":"max-snippet:-1","max-image-preview":"max-image-preview:large","max-video-preview":"max-video-preview:-1"},"canonical":"https:\/\/www.meyer.hr\/en\/product\/drm-expert-care-visenamjenski-dezinficijens-750ml\/","og_locale":"en_GB","og_type":"article","og_title":"DRM EXPERT CARE | VI\u0160ENAMJENSKI DEZINFICIJENS 750ml - Meyer","og_description":"DRM Expert Care Vi\u0161enamjenski dezinficijens za povr\u0161ine ubija 99,99% virusa (uklju\u010duju\u0107i koronaviruse) i bakterija te 99,9% gljivica i kvasaca. Prakti\u010dno pakiranje s raspr\u0161iva\u010dem za brzu i u\u010dinkovitu dezinfekciju povr\u0161ina.","og_url":"https:\/\/www.meyer.hr\/en\/product\/drm-expert-care-visenamjenski-dezinficijens-750ml\/","og_site_name":"Meyer","article_modified_time":"2025-06-02T12:13:00+00:00","og_image":[{"width":1920,"height":1920,"filesize":109759,"url":"https:\/\/www.meyer.hr\/wp-content\/uploads\/2025\/06\/drmexpert_dezinfekcija_visenamjenski_dezificijens750ml.jpg","path":"\/nas\/content\/live\/meyershop\/wp-content\/uploads\/2025\/06\/drmexpert_dezinfekcija_visenamjenski_dezificijens750ml.jpg","size":"full","id":4387,"alt":"drmexpertcare_dezinfekcija_visenamjenski_dezificijens750ml","pixels":3686400,"type":"image\/jpeg"}],"twitter_card":"summary_large_image","schema":{"@context":"https:\/\/schema.org","@graph":[{"@type":"Organization","@id":"https:\/\/www.meyer.hr\/#organization","name":"Zidac Laboratories","url":"https:\/\/www.meyer.hr\/","sameAs":[],"logo":{"@type":"ImageObject","@id":"https:\/\/www.meyer.hr\/#logo","inLanguage":"en-GB","url":"https:\/\/www.meyer.hr\/wp-content\/uploads\/2020\/09\/Logo.svg","contentUrl":"https:\/\/www.meyer.hr\/wp-content\/uploads\/2020\/09\/Logo.svg","caption":"Zidac Laboratories"},"image":{"@id":"https:\/\/www.meyer.hr\/#logo"}},{"@type":"WebSite","@id":"https:\/\/www.meyer.hr\/#website","url":"https:\/\/www.meyer.hr\/","name":"Meyer","description":"","publisher":{"@id":"https:\/\/www.meyer.hr\/#organization"},"potentialAction":[{"@type":"SearchAction","target":{"@type":"EntryPoint","urlTemplate":"https:\/\/www.meyer.hr\/?s={search_term_string}"},"query-input":"required name=search_term_string"}],"inLanguage":"en-GB"},{"@type":"ImageObject","@id":"https:\/\/www.meyer.hr\/product\/drm-expert-care-visenamjenski-dezinficijens-750ml\/#primaryimage","inLanguage":"en-GB","url":"https:\/\/i2.wp.com\/www.meyer.hr\/wp-content\/uploads\/2025\/06\/drmexpert_dezinfekcija_visenamjenski_dezificijens750ml.jpg?fit=1920%2C1920&ssl=1","contentUrl":"https:\/\/i2.wp.com\/www.meyer.hr\/wp-content\/uploads\/2025\/06\/drmexpert_dezinfekcija_visenamjenski_dezificijens750ml.jpg?fit=1920%2C1920&ssl=1","width":1920,"height":1920,"caption":"drmexpertcare_dezinfekcija_visenamjenski_dezificijens750ml"},{"@type":["WebPage","ItemPage"],"@id":"https:\/\/www.meyer.hr\/product\/drm-expert-care-visenamjenski-dezinficijens-750ml\/#webpage","url":"https:\/\/www.meyer.hr\/product\/drm-expert-care-visenamjenski-dezinficijens-750ml\/","name":"DRM EXPERT CARE | VI\u0160ENAMJENSKI DEZINFICIJENS 750ml - Meyer","isPartOf":{"@id":"https:\/\/www.meyer.hr\/#website"},"primaryImageOfPage":{"@id":"https:\/\/www.meyer.hr\/product\/drm-expert-care-visenamjenski-dezinficijens-750ml\/#primaryimage"},"datePublished":"2025-06-02T12:12:59+00:00","dateModified":"2025-06-02T12:13:00+00:00","breadcrumb":{"@id":"https:\/\/www.meyer.hr\/product\/drm-expert-care-visenamjenski-dezinficijens-750ml\/#breadcrumb"},"inLanguage":"en-GB","potentialAction":[{"@type":"ReadAction","target":["https:\/\/www.meyer.hr\/product\/drm-expert-care-visenamjenski-dezinficijens-750ml\/"]}]},{"@type":"BreadcrumbList","@id":"https:\/\/www.meyer.hr\/product\/drm-expert-care-visenamjenski-dezinficijens-750ml\/#breadcrumb","itemListElement":[{"@type":"ListItem","position":1,"name":"Home","item":"https:\/\/www.meyer.hr\/"},{"@type":"ListItem","position":2,"name":"Shop","item":"https:\/\/www.meyer.hr\/"},{"@type":"ListItem","position":3,"name":"DRM EXPERT CARE | VI\u0160ENAMJENSKI DEZINFICIJENS 750ml"}]}]}},"_links":{"self":[{"href":"https:\/\/www.meyer.hr\/en\/wp-json\/wp\/v2\/product\/4386","targetHints":{"allow":["GET"]}}],"collection":[{"href":"https:\/\/www.meyer.hr\/en\/wp-json\/wp\/v2\/product"}],"about":[{"href":"https:\/\/www.meyer.hr\/en\/wp-json\/wp\/v2\/types\/product"}],"replies":[{"embeddable":true,"href":"https:\/\/www.meyer.hr\/en\/wp-json\/wp\/v2\/comments?post=4386"}],"wp:featuredmedia":[{"embeddable":true,"href":"https:\/\/www.meyer.hr\/en\/wp-json\/wp\/v2\/media\/4387"}],"wp:attachment":[{"href":"https:\/\/www.meyer.hr\/en\/wp-json\/wp\/v2\/media?parent=4386"}],"wp:term":[{"taxonomy":"product_cat","embeddable":true,"href":"https:\/\/www.meyer.hr\/en\/wp-json\/wp\/v2\/product_cat?post=4386"},{"taxonomy":"product_tag","embeddable":true,"href":"https:\/\/www.meyer.hr\/en\/wp-json\/wp\/v2\/product_tag?post=4386"}],"curies":[{"name":"wp","href":"https:\/\/api.w.org\/{rel}","templated":true}]}}