{"id":4490,"date":"2025-08-21T12:00:25","date_gmt":"2025-08-21T11:00:25","guid":{"rendered":"https:\/\/www.meyer.hr\/?post_type=product&#038;p=4490"},"modified":"2025-08-21T12:00:25","modified_gmt":"2025-08-21T11:00:25","slug":"drm-expert-care-profesionalno-sredstvo-za-ciscenje-kupaonice-5000ml","status":"publish","type":"product","link":"https:\/\/www.meyer.hr\/en\/product\/drm-expert-care-profesionalno-sredstvo-za-ciscenje-kupaonice-5000ml\/","title":{"rendered":"DRM EXPERT CARE | PROFESIONALNO SREDSTVO ZA \u010cI\u0160\u0106ENJE KUPAONICE 5000ML"},"content":{"rendered":"<p>Profesionalno sredstvo za \u010di\u0161\u0107enje kupaonice &#8211; tu\u0161, kada i plo\u010dice \/ Sna\u017ena formulacija za efikasno uklanjanje naslaga sapuna, kamenca i prljav\u0161tine. Zahvaljuju\u0107i biorazgradivim sastojcima sigurno je za \u010di\u0161\u0107enje u blizini djece i \u017eivotinja.<\/p>","protected":false},"excerpt":{"rendered":"DRM Expert Care profesionalno sredstvo za \u010di\u0161\u0107enje kupaonice &#8211; tu\u0161, kada i plo\u010dice.","protected":false},"featured_media":4492,"comment_status":"closed","ping_status":"closed","template":"","meta":{"spay_email":""},"product_cat":[130,131],"product_tag":[132,144],"class_list":["post-4490","product","type-product","status-publish","has-post-thumbnail","hentry","product_cat-drm-expert-care","product_cat-drm-expertcare-sredstva-za-ciscenje","product_tag-ciscenje","product_tag-drm-expert-care"],"yoast_head":"<!-- This site is optimized with the Yoast SEO plugin v17.1 - https:\/\/yoast.com\/wordpress\/plugins\/seo\/ -->\n<meta name=\"robots\" content=\"index, follow, max-snippet:-1, max-image-preview:large, max-video-preview:-1\" \/>\n<link rel=\"canonical\" href=\"https:\/\/www.meyer.hr\/en\/product\/drm-expert-care-profesionalno-sredstvo-za-ciscenje-kupaonice-5000ml\/\" \/>\n<meta property=\"og:locale\" content=\"en_GB\" \/>\n<meta property=\"og:type\" content=\"article\" \/>\n<meta property=\"og:title\" content=\"DRM EXPERT CARE | PROFESIONALNO SREDSTVO ZA \u010cI\u0160\u0106ENJE KUPAONICE 5000ML - Meyer\" \/>\n<meta property=\"og:description\" content=\"DRM Expert Care profesionalno sredstvo za \u010di\u0161\u0107enje kupaonice - tu\u0161, kada i plo\u010dice.\" \/>\n<meta property=\"og:url\" content=\"https:\/\/www.meyer.hr\/en\/product\/drm-expert-care-profesionalno-sredstvo-za-ciscenje-kupaonice-5000ml\/\" \/>\n<meta property=\"og:site_name\" content=\"Meyer\" \/>\n<meta property=\"og:image\" content=\"https:\/\/www.meyer.hr\/wp-content\/uploads\/2025\/06\/drm_expert_care_professional_bathroom_cleaner_5000ml.jpg\" \/>\n\t<meta property=\"og:image:width\" content=\"1920\" \/>\n\t<meta property=\"og:image:height\" content=\"1920\" \/>\n<meta name=\"twitter:card\" content=\"summary_large_image\" \/>\n<script type=\"application\/ld+json\" class=\"yoast-schema-graph\">{\"@context\":\"https:\/\/schema.org\",\"@graph\":[{\"@type\":\"Organization\",\"@id\":\"https:\/\/www.meyer.hr\/#organization\",\"name\":\"Zidac Laboratories\",\"url\":\"https:\/\/www.meyer.hr\/\",\"sameAs\":[],\"logo\":{\"@type\":\"ImageObject\",\"@id\":\"https:\/\/www.meyer.hr\/#logo\",\"inLanguage\":\"en-GB\",\"url\":\"https:\/\/www.meyer.hr\/wp-content\/uploads\/2020\/09\/Logo.svg\",\"contentUrl\":\"https:\/\/www.meyer.hr\/wp-content\/uploads\/2020\/09\/Logo.svg\",\"caption\":\"Zidac Laboratories\"},\"image\":{\"@id\":\"https:\/\/www.meyer.hr\/#logo\"}},{\"@type\":\"WebSite\",\"@id\":\"https:\/\/www.meyer.hr\/#website\",\"url\":\"https:\/\/www.meyer.hr\/\",\"name\":\"Meyer\",\"description\":\"\",\"publisher\":{\"@id\":\"https:\/\/www.meyer.hr\/#organization\"},\"potentialAction\":[{\"@type\":\"SearchAction\",\"target\":{\"@type\":\"EntryPoint\",\"urlTemplate\":\"https:\/\/www.meyer.hr\/?s={search_term_string}\"},\"query-input\":\"required name=search_term_string\"}],\"inLanguage\":\"en-GB\"},{\"@type\":\"ImageObject\",\"@id\":\"https:\/\/www.meyer.hr\/product\/drm-expert-care-profesionalno-sredstvo-za-ciscenje-kupaonice-5000ml\/#primaryimage\",\"inLanguage\":\"en-GB\",\"url\":\"https:\/\/i2.wp.com\/www.meyer.hr\/wp-content\/uploads\/2025\/06\/drm_expert_care_professional_bathroom_cleaner_5000ml.jpg?fit=1920%2C1920&ssl=1\",\"contentUrl\":\"https:\/\/i2.wp.com\/www.meyer.hr\/wp-content\/uploads\/2025\/06\/drm_expert_care_professional_bathroom_cleaner_5000ml.jpg?fit=1920%2C1920&ssl=1\",\"width\":1920,\"height\":1920,\"caption\":\"drm_expert_care_professional_bathroom_cleaner_5000ml\"},{\"@type\":[\"WebPage\",\"ItemPage\"],\"@id\":\"https:\/\/www.meyer.hr\/product\/drm-expert-care-profesionalno-sredstvo-za-ciscenje-kupaonice-5000ml\/#webpage\",\"url\":\"https:\/\/www.meyer.hr\/product\/drm-expert-care-profesionalno-sredstvo-za-ciscenje-kupaonice-5000ml\/\",\"name\":\"DRM EXPERT CARE | PROFESIONALNO SREDSTVO ZA \\u010cI\\u0160\\u0106ENJE KUPAONICE 5000ML - Meyer\",\"isPartOf\":{\"@id\":\"https:\/\/www.meyer.hr\/#website\"},\"primaryImageOfPage\":{\"@id\":\"https:\/\/www.meyer.hr\/product\/drm-expert-care-profesionalno-sredstvo-za-ciscenje-kupaonice-5000ml\/#primaryimage\"},\"datePublished\":\"2025-08-21T11:00:25+00:00\",\"dateModified\":\"2025-08-21T11:00:25+00:00\",\"breadcrumb\":{\"@id\":\"https:\/\/www.meyer.hr\/product\/drm-expert-care-profesionalno-sredstvo-za-ciscenje-kupaonice-5000ml\/#breadcrumb\"},\"inLanguage\":\"en-GB\",\"potentialAction\":[{\"@type\":\"ReadAction\",\"target\":[\"https:\/\/www.meyer.hr\/product\/drm-expert-care-profesionalno-sredstvo-za-ciscenje-kupaonice-5000ml\/\"]}]},{\"@type\":\"BreadcrumbList\",\"@id\":\"https:\/\/www.meyer.hr\/product\/drm-expert-care-profesionalno-sredstvo-za-ciscenje-kupaonice-5000ml\/#breadcrumb\",\"itemListElement\":[{\"@type\":\"ListItem\",\"position\":1,\"name\":\"Home\",\"item\":\"https:\/\/www.meyer.hr\/\"},{\"@type\":\"ListItem\",\"position\":2,\"name\":\"Shop\",\"item\":\"https:\/\/www.meyer.hr\/\"},{\"@type\":\"ListItem\",\"position\":3,\"name\":\"DRM EXPERT CARE | PROFESIONALNO SREDSTVO ZA \\u010cI\\u0160\\u0106ENJE KUPAONICE 5000ML\"}]}]}<\/script>\n<!-- \/ Yoast SEO plugin. -->","yoast_head_json":{"robots":{"index":"index","follow":"follow","max-snippet":"max-snippet:-1","max-image-preview":"max-image-preview:large","max-video-preview":"max-video-preview:-1"},"canonical":"https:\/\/www.meyer.hr\/en\/product\/drm-expert-care-profesionalno-sredstvo-za-ciscenje-kupaonice-5000ml\/","og_locale":"en_GB","og_type":"article","og_title":"DRM EXPERT CARE | PROFESIONALNO SREDSTVO ZA \u010cI\u0160\u0106ENJE KUPAONICE 5000ML - Meyer","og_description":"DRM Expert Care profesionalno sredstvo za \u010di\u0161\u0107enje kupaonice - tu\u0161, kada i plo\u010dice.","og_url":"https:\/\/www.meyer.hr\/en\/product\/drm-expert-care-profesionalno-sredstvo-za-ciscenje-kupaonice-5000ml\/","og_site_name":"Meyer","og_image":[{"width":1920,"height":1920,"filesize":183222,"url":"https:\/\/www.meyer.hr\/wp-content\/uploads\/2025\/06\/drm_expert_care_professional_bathroom_cleaner_5000ml.jpg","path":"\/nas\/content\/live\/meyershop\/wp-content\/uploads\/2025\/06\/drm_expert_care_professional_bathroom_cleaner_5000ml.jpg","size":"full","id":4492,"alt":"drm_expert_care_professional_bathroom_cleaner_5000ml","pixels":3686400,"type":"image\/jpeg"}],"twitter_card":"summary_large_image","schema":{"@context":"https:\/\/schema.org","@graph":[{"@type":"Organization","@id":"https:\/\/www.meyer.hr\/#organization","name":"Zidac Laboratories","url":"https:\/\/www.meyer.hr\/","sameAs":[],"logo":{"@type":"ImageObject","@id":"https:\/\/www.meyer.hr\/#logo","inLanguage":"en-GB","url":"https:\/\/www.meyer.hr\/wp-content\/uploads\/2020\/09\/Logo.svg","contentUrl":"https:\/\/www.meyer.hr\/wp-content\/uploads\/2020\/09\/Logo.svg","caption":"Zidac Laboratories"},"image":{"@id":"https:\/\/www.meyer.hr\/#logo"}},{"@type":"WebSite","@id":"https:\/\/www.meyer.hr\/#website","url":"https:\/\/www.meyer.hr\/","name":"Meyer","description":"","publisher":{"@id":"https:\/\/www.meyer.hr\/#organization"},"potentialAction":[{"@type":"SearchAction","target":{"@type":"EntryPoint","urlTemplate":"https:\/\/www.meyer.hr\/?s={search_term_string}"},"query-input":"required name=search_term_string"}],"inLanguage":"en-GB"},{"@type":"ImageObject","@id":"https:\/\/www.meyer.hr\/product\/drm-expert-care-profesionalno-sredstvo-za-ciscenje-kupaonice-5000ml\/#primaryimage","inLanguage":"en-GB","url":"https:\/\/i2.wp.com\/www.meyer.hr\/wp-content\/uploads\/2025\/06\/drm_expert_care_professional_bathroom_cleaner_5000ml.jpg?fit=1920%2C1920&ssl=1","contentUrl":"https:\/\/i2.wp.com\/www.meyer.hr\/wp-content\/uploads\/2025\/06\/drm_expert_care_professional_bathroom_cleaner_5000ml.jpg?fit=1920%2C1920&ssl=1","width":1920,"height":1920,"caption":"drm_expert_care_professional_bathroom_cleaner_5000ml"},{"@type":["WebPage","ItemPage"],"@id":"https:\/\/www.meyer.hr\/product\/drm-expert-care-profesionalno-sredstvo-za-ciscenje-kupaonice-5000ml\/#webpage","url":"https:\/\/www.meyer.hr\/product\/drm-expert-care-profesionalno-sredstvo-za-ciscenje-kupaonice-5000ml\/","name":"DRM EXPERT CARE | PROFESIONALNO SREDSTVO ZA \u010cI\u0160\u0106ENJE KUPAONICE 5000ML - Meyer","isPartOf":{"@id":"https:\/\/www.meyer.hr\/#website"},"primaryImageOfPage":{"@id":"https:\/\/www.meyer.hr\/product\/drm-expert-care-profesionalno-sredstvo-za-ciscenje-kupaonice-5000ml\/#primaryimage"},"datePublished":"2025-08-21T11:00:25+00:00","dateModified":"2025-08-21T11:00:25+00:00","breadcrumb":{"@id":"https:\/\/www.meyer.hr\/product\/drm-expert-care-profesionalno-sredstvo-za-ciscenje-kupaonice-5000ml\/#breadcrumb"},"inLanguage":"en-GB","potentialAction":[{"@type":"ReadAction","target":["https:\/\/www.meyer.hr\/product\/drm-expert-care-profesionalno-sredstvo-za-ciscenje-kupaonice-5000ml\/"]}]},{"@type":"BreadcrumbList","@id":"https:\/\/www.meyer.hr\/product\/drm-expert-care-profesionalno-sredstvo-za-ciscenje-kupaonice-5000ml\/#breadcrumb","itemListElement":[{"@type":"ListItem","position":1,"name":"Home","item":"https:\/\/www.meyer.hr\/"},{"@type":"ListItem","position":2,"name":"Shop","item":"https:\/\/www.meyer.hr\/"},{"@type":"ListItem","position":3,"name":"DRM EXPERT CARE | PROFESIONALNO SREDSTVO ZA \u010cI\u0160\u0106ENJE KUPAONICE 5000ML"}]}]}},"_links":{"self":[{"href":"https:\/\/www.meyer.hr\/en\/wp-json\/wp\/v2\/product\/4490","targetHints":{"allow":["GET"]}}],"collection":[{"href":"https:\/\/www.meyer.hr\/en\/wp-json\/wp\/v2\/product"}],"about":[{"href":"https:\/\/www.meyer.hr\/en\/wp-json\/wp\/v2\/types\/product"}],"replies":[{"embeddable":true,"href":"https:\/\/www.meyer.hr\/en\/wp-json\/wp\/v2\/comments?post=4490"}],"wp:featuredmedia":[{"embeddable":true,"href":"https:\/\/www.meyer.hr\/en\/wp-json\/wp\/v2\/media\/4492"}],"wp:attachment":[{"href":"https:\/\/www.meyer.hr\/en\/wp-json\/wp\/v2\/media?parent=4490"}],"wp:term":[{"taxonomy":"product_cat","embeddable":true,"href":"https:\/\/www.meyer.hr\/en\/wp-json\/wp\/v2\/product_cat?post=4490"},{"taxonomy":"product_tag","embeddable":true,"href":"https:\/\/www.meyer.hr\/en\/wp-json\/wp\/v2\/product_tag?post=4490"}],"curies":[{"name":"wp","href":"https:\/\/api.w.org\/{rel}","templated":true}]}}