{"id":4557,"date":"2025-07-01T13:17:51","date_gmt":"2025-07-01T12:17:51","guid":{"rendered":"https:\/\/www.meyer.hr\/?post_type=product&#038;p=4557"},"modified":"2025-07-01T13:18:55","modified_gmt":"2025-07-01T12:18:55","slug":"mon-soleil-3u1-leave-in-regenerator-u-spreju-150ml","status":"publish","type":"product","link":"https:\/\/www.meyer.hr\/en\/product\/mon-soleil-3u1-leave-in-regenerator-u-spreju-150ml\/","title":{"rendered":"MON SOLEIL | 3U1 LEAVE IN REGENERATOR U SPREJU 150ML"},"content":{"rendered":"<p>Regenerator je formuliran da bude pH uravnote\u017een za kosu, ostavlja je mekom, glatkom i lako upravljivom bez ote\u017eavanja. Savr\u0161en za svakodnevnu upotrebu, pru\u017ea trenutnu za\u0161titu i njegu.<\/p>","protected":false},"excerpt":{"rendered":"Lagani leave-in regenerator u spreju raspetljava, njeguje i hidratizira kosu dok je \u0161titi od o\u0161te\u0107enja nastalih djelovanjem UV zraka i visokih temperatura.","protected":false},"featured_media":4558,"comment_status":"closed","ping_status":"closed","template":"","meta":{"spay_email":""},"product_cat":[39,83],"product_tag":[145,111,112],"class_list":["post-4557","product","type-product","status-publish","has-post-thumbnail","hentry","product_cat-mon-soleil","product_cat-proizvodi-za-suncanje","product_tag-mon-soleil","product_tag-njega-kose","product_tag-proizvodi-za-suncanje"],"yoast_head":"<!-- This site is optimized with the Yoast SEO plugin v17.1 - https:\/\/yoast.com\/wordpress\/plugins\/seo\/ -->\n<meta name=\"robots\" content=\"index, follow, max-snippet:-1, max-image-preview:large, max-video-preview:-1\" \/>\n<link rel=\"canonical\" href=\"https:\/\/www.meyer.hr\/en\/product\/mon-soleil-3u1-leave-in-regenerator-u-spreju-150ml\/\" \/>\n<meta property=\"og:locale\" content=\"en_GB\" \/>\n<meta property=\"og:type\" content=\"article\" \/>\n<meta property=\"og:title\" content=\"MON SOLEIL | 3U1 LEAVE IN REGENERATOR U SPREJU 150ML - Meyer\" \/>\n<meta property=\"og:description\" content=\"Lagani leave-in regenerator u spreju raspetljava, njeguje i hidratizira kosu dok je \u0161titi od o\u0161te\u0107enja nastalih djelovanjem UV zraka i visokih temperatura.\" \/>\n<meta property=\"og:url\" content=\"https:\/\/www.meyer.hr\/en\/product\/mon-soleil-3u1-leave-in-regenerator-u-spreju-150ml\/\" \/>\n<meta property=\"og:site_name\" content=\"Meyer\" \/>\n<meta property=\"article:modified_time\" content=\"2025-07-01T12:18:55+00:00\" \/>\n<meta property=\"og:image\" content=\"https:\/\/www.meyer.hr\/wp-content\/uploads\/2025\/07\/Mon-Soleil-3in1-Leave-in-regenerator-za-kosu-150ml.jpg\" \/>\n\t<meta property=\"og:image:width\" content=\"1920\" \/>\n\t<meta property=\"og:image:height\" content=\"1920\" \/>\n<meta name=\"twitter:card\" content=\"summary_large_image\" \/>\n<script type=\"application\/ld+json\" class=\"yoast-schema-graph\">{\"@context\":\"https:\/\/schema.org\",\"@graph\":[{\"@type\":\"Organization\",\"@id\":\"https:\/\/www.meyer.hr\/#organization\",\"name\":\"Zidac Laboratories\",\"url\":\"https:\/\/www.meyer.hr\/\",\"sameAs\":[],\"logo\":{\"@type\":\"ImageObject\",\"@id\":\"https:\/\/www.meyer.hr\/#logo\",\"inLanguage\":\"en-GB\",\"url\":\"https:\/\/www.meyer.hr\/wp-content\/uploads\/2020\/09\/Logo.svg\",\"contentUrl\":\"https:\/\/www.meyer.hr\/wp-content\/uploads\/2020\/09\/Logo.svg\",\"caption\":\"Zidac Laboratories\"},\"image\":{\"@id\":\"https:\/\/www.meyer.hr\/#logo\"}},{\"@type\":\"WebSite\",\"@id\":\"https:\/\/www.meyer.hr\/#website\",\"url\":\"https:\/\/www.meyer.hr\/\",\"name\":\"Meyer\",\"description\":\"\",\"publisher\":{\"@id\":\"https:\/\/www.meyer.hr\/#organization\"},\"potentialAction\":[{\"@type\":\"SearchAction\",\"target\":{\"@type\":\"EntryPoint\",\"urlTemplate\":\"https:\/\/www.meyer.hr\/?s={search_term_string}\"},\"query-input\":\"required name=search_term_string\"}],\"inLanguage\":\"en-GB\"},{\"@type\":\"ImageObject\",\"@id\":\"https:\/\/www.meyer.hr\/product\/mon-soleil-3u1-leave-in-regenerator-u-spreju-150ml\/#primaryimage\",\"inLanguage\":\"en-GB\",\"url\":\"https:\/\/i0.wp.com\/www.meyer.hr\/wp-content\/uploads\/2025\/07\/Mon-Soleil-3in1-Leave-in-regenerator-za-kosu-150ml.jpg?fit=1920%2C1920&ssl=1\",\"contentUrl\":\"https:\/\/i0.wp.com\/www.meyer.hr\/wp-content\/uploads\/2025\/07\/Mon-Soleil-3in1-Leave-in-regenerator-za-kosu-150ml.jpg?fit=1920%2C1920&ssl=1\",\"width\":1920,\"height\":1920,\"caption\":\"Mon Soleil 3u1 leave in regenerator za kosu 150ml\"},{\"@type\":[\"WebPage\",\"ItemPage\"],\"@id\":\"https:\/\/www.meyer.hr\/product\/mon-soleil-3u1-leave-in-regenerator-u-spreju-150ml\/#webpage\",\"url\":\"https:\/\/www.meyer.hr\/product\/mon-soleil-3u1-leave-in-regenerator-u-spreju-150ml\/\",\"name\":\"MON SOLEIL | 3U1 LEAVE IN REGENERATOR U SPREJU 150ML - Meyer\",\"isPartOf\":{\"@id\":\"https:\/\/www.meyer.hr\/#website\"},\"primaryImageOfPage\":{\"@id\":\"https:\/\/www.meyer.hr\/product\/mon-soleil-3u1-leave-in-regenerator-u-spreju-150ml\/#primaryimage\"},\"datePublished\":\"2025-07-01T12:17:51+00:00\",\"dateModified\":\"2025-07-01T12:18:55+00:00\",\"breadcrumb\":{\"@id\":\"https:\/\/www.meyer.hr\/product\/mon-soleil-3u1-leave-in-regenerator-u-spreju-150ml\/#breadcrumb\"},\"inLanguage\":\"en-GB\",\"potentialAction\":[{\"@type\":\"ReadAction\",\"target\":[\"https:\/\/www.meyer.hr\/product\/mon-soleil-3u1-leave-in-regenerator-u-spreju-150ml\/\"]}]},{\"@type\":\"BreadcrumbList\",\"@id\":\"https:\/\/www.meyer.hr\/product\/mon-soleil-3u1-leave-in-regenerator-u-spreju-150ml\/#breadcrumb\",\"itemListElement\":[{\"@type\":\"ListItem\",\"position\":1,\"name\":\"Home\",\"item\":\"https:\/\/www.meyer.hr\/\"},{\"@type\":\"ListItem\",\"position\":2,\"name\":\"Shop\",\"item\":\"https:\/\/www.meyer.hr\/\"},{\"@type\":\"ListItem\",\"position\":3,\"name\":\"MON SOLEIL | 3U1 LEAVE IN REGENERATOR U SPREJU 150ML\"}]}]}<\/script>\n<!-- \/ Yoast SEO plugin. -->","yoast_head_json":{"robots":{"index":"index","follow":"follow","max-snippet":"max-snippet:-1","max-image-preview":"max-image-preview:large","max-video-preview":"max-video-preview:-1"},"canonical":"https:\/\/www.meyer.hr\/en\/product\/mon-soleil-3u1-leave-in-regenerator-u-spreju-150ml\/","og_locale":"en_GB","og_type":"article","og_title":"MON SOLEIL | 3U1 LEAVE IN REGENERATOR U SPREJU 150ML - Meyer","og_description":"Lagani leave-in regenerator u spreju raspetljava, njeguje i hidratizira kosu dok je \u0161titi od o\u0161te\u0107enja nastalih djelovanjem UV zraka i visokih temperatura.","og_url":"https:\/\/www.meyer.hr\/en\/product\/mon-soleil-3u1-leave-in-regenerator-u-spreju-150ml\/","og_site_name":"Meyer","article_modified_time":"2025-07-01T12:18:55+00:00","og_image":[{"width":1920,"height":1920,"filesize":112867,"url":"https:\/\/www.meyer.hr\/wp-content\/uploads\/2025\/07\/Mon-Soleil-3in1-Leave-in-regenerator-za-kosu-150ml.jpg","path":"\/nas\/content\/live\/meyershop\/wp-content\/uploads\/2025\/07\/Mon-Soleil-3in1-Leave-in-regenerator-za-kosu-150ml.jpg","size":"full","id":4558,"alt":"Mon Soleil 3u1 leave in regenerator za kosu 150ml","pixels":3686400,"type":"image\/jpeg"}],"twitter_card":"summary_large_image","schema":{"@context":"https:\/\/schema.org","@graph":[{"@type":"Organization","@id":"https:\/\/www.meyer.hr\/#organization","name":"Zidac Laboratories","url":"https:\/\/www.meyer.hr\/","sameAs":[],"logo":{"@type":"ImageObject","@id":"https:\/\/www.meyer.hr\/#logo","inLanguage":"en-GB","url":"https:\/\/www.meyer.hr\/wp-content\/uploads\/2020\/09\/Logo.svg","contentUrl":"https:\/\/www.meyer.hr\/wp-content\/uploads\/2020\/09\/Logo.svg","caption":"Zidac Laboratories"},"image":{"@id":"https:\/\/www.meyer.hr\/#logo"}},{"@type":"WebSite","@id":"https:\/\/www.meyer.hr\/#website","url":"https:\/\/www.meyer.hr\/","name":"Meyer","description":"","publisher":{"@id":"https:\/\/www.meyer.hr\/#organization"},"potentialAction":[{"@type":"SearchAction","target":{"@type":"EntryPoint","urlTemplate":"https:\/\/www.meyer.hr\/?s={search_term_string}"},"query-input":"required name=search_term_string"}],"inLanguage":"en-GB"},{"@type":"ImageObject","@id":"https:\/\/www.meyer.hr\/product\/mon-soleil-3u1-leave-in-regenerator-u-spreju-150ml\/#primaryimage","inLanguage":"en-GB","url":"https:\/\/i0.wp.com\/www.meyer.hr\/wp-content\/uploads\/2025\/07\/Mon-Soleil-3in1-Leave-in-regenerator-za-kosu-150ml.jpg?fit=1920%2C1920&ssl=1","contentUrl":"https:\/\/i0.wp.com\/www.meyer.hr\/wp-content\/uploads\/2025\/07\/Mon-Soleil-3in1-Leave-in-regenerator-za-kosu-150ml.jpg?fit=1920%2C1920&ssl=1","width":1920,"height":1920,"caption":"Mon Soleil 3u1 leave in regenerator za kosu 150ml"},{"@type":["WebPage","ItemPage"],"@id":"https:\/\/www.meyer.hr\/product\/mon-soleil-3u1-leave-in-regenerator-u-spreju-150ml\/#webpage","url":"https:\/\/www.meyer.hr\/product\/mon-soleil-3u1-leave-in-regenerator-u-spreju-150ml\/","name":"MON SOLEIL | 3U1 LEAVE IN REGENERATOR U SPREJU 150ML - Meyer","isPartOf":{"@id":"https:\/\/www.meyer.hr\/#website"},"primaryImageOfPage":{"@id":"https:\/\/www.meyer.hr\/product\/mon-soleil-3u1-leave-in-regenerator-u-spreju-150ml\/#primaryimage"},"datePublished":"2025-07-01T12:17:51+00:00","dateModified":"2025-07-01T12:18:55+00:00","breadcrumb":{"@id":"https:\/\/www.meyer.hr\/product\/mon-soleil-3u1-leave-in-regenerator-u-spreju-150ml\/#breadcrumb"},"inLanguage":"en-GB","potentialAction":[{"@type":"ReadAction","target":["https:\/\/www.meyer.hr\/product\/mon-soleil-3u1-leave-in-regenerator-u-spreju-150ml\/"]}]},{"@type":"BreadcrumbList","@id":"https:\/\/www.meyer.hr\/product\/mon-soleil-3u1-leave-in-regenerator-u-spreju-150ml\/#breadcrumb","itemListElement":[{"@type":"ListItem","position":1,"name":"Home","item":"https:\/\/www.meyer.hr\/"},{"@type":"ListItem","position":2,"name":"Shop","item":"https:\/\/www.meyer.hr\/"},{"@type":"ListItem","position":3,"name":"MON SOLEIL | 3U1 LEAVE IN REGENERATOR U SPREJU 150ML"}]}]}},"_links":{"self":[{"href":"https:\/\/www.meyer.hr\/en\/wp-json\/wp\/v2\/product\/4557","targetHints":{"allow":["GET"]}}],"collection":[{"href":"https:\/\/www.meyer.hr\/en\/wp-json\/wp\/v2\/product"}],"about":[{"href":"https:\/\/www.meyer.hr\/en\/wp-json\/wp\/v2\/types\/product"}],"replies":[{"embeddable":true,"href":"https:\/\/www.meyer.hr\/en\/wp-json\/wp\/v2\/comments?post=4557"}],"wp:featuredmedia":[{"embeddable":true,"href":"https:\/\/www.meyer.hr\/en\/wp-json\/wp\/v2\/media\/4558"}],"wp:attachment":[{"href":"https:\/\/www.meyer.hr\/en\/wp-json\/wp\/v2\/media?parent=4557"}],"wp:term":[{"taxonomy":"product_cat","embeddable":true,"href":"https:\/\/www.meyer.hr\/en\/wp-json\/wp\/v2\/product_cat?post=4557"},{"taxonomy":"product_tag","embeddable":true,"href":"https:\/\/www.meyer.hr\/en\/wp-json\/wp\/v2\/product_tag?post=4557"}],"curies":[{"name":"wp","href":"https:\/\/api.w.org\/{rel}","templated":true}]}}